{"id":3888,"date":"2024-01-30T09:40:45","date_gmt":"2024-01-30T08:40:45","guid":{"rendered":"https:\/\/eurobeton.hr\/sonderprogramm\/programm-der-kroatischen-eisenbahnen\/"},"modified":"2025-07-04T10:49:16","modified_gmt":"2025-07-04T08:49:16","slug":"programm-der-kroatischen-eisenbahnen","status":"publish","type":"page","link":"https:\/\/eurobeton.hr\/de\/sonderprogramm\/programm-der-kroatischen-eisenbahnen\/","title":{"rendered":"Eisenbahnprogramm"},"content":{"rendered":"","protected":false},"excerpt":{"rendered":"","protected":false},"author":1,"featured_media":3889,"parent":3886,"menu_order":0,"comment_status":"closed","ping_status":"closed","template":"","meta":{"slim_seo":{"title":"H\u017d-Programm - Eurobeton","description":"Das H\u017d-Programm der Firma Eurobeton umfasst eine breite Palette von Betonprodukten, die an die Anforderungen und Spezifikationen der kroatischen Eisenbahn angepasst sind."},"footnotes":""},"boja":[],"class_list":["post-3888","page","type-page","status-publish","has-post-thumbnail","hentry"],"meta_box":{"group_guzqy3hnn57":[],"naslov_stranice":"Programm der kroatischen Eisenbahnen","opis_stranice":"Das H\u017d-Programm der Firma Eurobeton umfasst eine breite Palette von Betonprodukten, die an die Anforderungen und Spezifikationen der kroatischen Eisenbahn angepasst sind. Dank hochwertiger Materialien und pr\u00e4ziser Verarbeitung gew\u00e4hrleisten unsere Produkte Sicherheit, Langlebigkeit und Zuverl\u00e4ssigkeit in jedem Segment der Eisenbahninfrastruktur. Dank unserer langj\u00e4hrigen Erfahrung und Expertise ist Eurobeton ein zuverl\u00e4ssiger Partner f\u00fcr alle Projekte im kroatischen Eisenbahnsystem. ","vrsta_proizvoda":[{"program":"besonders","specijalni":[{"naslov_proizvoda":"HZ-KANAL TYP \u201eE\u201c","ime_proizvoda":"HZ-KANAL TYP \u201eE\u201c","slika":"1408","tehnicke_pdf":["1433"]}]},{"program":"besonders","specijalni":[{"naslov_proizvoda":"HZ-KANAL TYP \u201eU\u201c","ime_proizvoda":"HZ-KANAL TYP \u201eU\u201c","slika":"1409","tehnicke_pdf":["1433"]}]},{"program":"besonders","specijalni":[{"naslov_proizvoda":"HZ-KANAL TYP I","ime_proizvoda":"HZ-KANAL TYP I","slika":"1410","tehnicke_pdf":["1433"]}]},{"program":"besonders","specijalni":[{"naslov_proizvoda":"HZ-KANAL TYP II","ime_proizvoda":"HZ-KANAL TYP II","slika":"1411","tehnicke_pdf":["1433"]}]},{"program":"besonders","specijalni":[{"naslov_proizvoda":"Plattformelement Ls-38","ime_proizvoda":"Plattformelement Ls-38","slika":"2981"}]},{"program":"besonders","specijalni":[{"naslov_proizvoda":"PLATTFORMELEMENT Lo-55s","ime_proizvoda":"PLATTFORMELEMENT Lo-55s","slika":"2984"}]},{"program":"besonders","specijalni":[{"naslov_proizvoda":"Plattformelement Ls-55","ime_proizvoda":"Plattformelement Ls-55","slika":"2983"}]}]},"_links":{"self":[{"href":"https:\/\/eurobeton.hr\/de\/wp-json\/wp\/v2\/pages\/3888","targetHints":{"allow":["GET"]}}],"collection":[{"href":"https:\/\/eurobeton.hr\/de\/wp-json\/wp\/v2\/pages"}],"about":[{"href":"https:\/\/eurobeton.hr\/de\/wp-json\/wp\/v2\/types\/page"}],"author":[{"embeddable":true,"href":"https:\/\/eurobeton.hr\/de\/wp-json\/wp\/v2\/users\/1"}],"replies":[{"embeddable":true,"href":"https:\/\/eurobeton.hr\/de\/wp-json\/wp\/v2\/comments?post=3888"}],"version-history":[{"count":4,"href":"https:\/\/eurobeton.hr\/de\/wp-json\/wp\/v2\/pages\/3888\/revisions"}],"predecessor-version":[{"id":4329,"href":"https:\/\/eurobeton.hr\/de\/wp-json\/wp\/v2\/pages\/3888\/revisions\/4329"}],"up":[{"embeddable":true,"href":"https:\/\/eurobeton.hr\/de\/wp-json\/wp\/v2\/pages\/3886"}],"wp:featuredmedia":[{"embeddable":true,"href":"https:\/\/eurobeton.hr\/de\/wp-json\/wp\/v2\/media\/3889"}],"wp:attachment":[{"href":"https:\/\/eurobeton.hr\/de\/wp-json\/wp\/v2\/media?parent=3888"}],"wp:term":[{"taxonomy":"boja","embeddable":true,"href":"https:\/\/eurobeton.hr\/de\/wp-json\/wp\/v2\/boja?post=3888"}],"curies":[{"name":"wp","href":"https:\/\/api.w.org\/{rel}","templated":true}]}}