{"id":3878,"date":"2024-01-16T20:51:53","date_gmt":"2024-01-16T19:51:53","guid":{"rendered":"https:\/\/eurobeton.hr\/verkaufsprogramm\/"},"modified":"2025-07-04T11:43:23","modified_gmt":"2025-07-04T09:43:23","slug":"verkaufsprogramm","status":"publish","type":"page","link":"https:\/\/eurobeton.hr\/de\/verkaufsprogramm\/","title":{"rendered":"Produktprogramm"},"content":{"rendered":"","protected":false},"excerpt":{"rendered":"","protected":false},"author":1,"featured_media":3879,"parent":0,"menu_order":0,"comment_status":"closed","ping_status":"closed","template":"","meta":{"slim_seo":{"title":"Produktprogramm f\u00fcr Betonprodukte - Eurobeton","description":"Ein Programm aus Betonpflastersteinen, Stra\u00dfen- und Kanalprogrammen und anderem Betonzubeh\u00f6r mit zuverl\u00e4ssiger Lieferung und Betreuung."},"footnotes":""},"boja":[],"class_list":["post-3878","page","type-page","status-publish","has-post-thumbnail","hentry"],"meta_box":{"group_guzqy3hnn57":[],"naslov_stranice":"","opis_stranice":"","vrsta_proizvoda":[{"program":"Stra\u00dfe"}]},"_links":{"self":[{"href":"https:\/\/eurobeton.hr\/de\/wp-json\/wp\/v2\/pages\/3878","targetHints":{"allow":["GET"]}}],"collection":[{"href":"https:\/\/eurobeton.hr\/de\/wp-json\/wp\/v2\/pages"}],"about":[{"href":"https:\/\/eurobeton.hr\/de\/wp-json\/wp\/v2\/types\/page"}],"author":[{"embeddable":true,"href":"https:\/\/eurobeton.hr\/de\/wp-json\/wp\/v2\/users\/1"}],"replies":[{"embeddable":true,"href":"https:\/\/eurobeton.hr\/de\/wp-json\/wp\/v2\/comments?post=3878"}],"version-history":[{"count":3,"href":"https:\/\/eurobeton.hr\/de\/wp-json\/wp\/v2\/pages\/3878\/revisions"}],"predecessor-version":[{"id":4350,"href":"https:\/\/eurobeton.hr\/de\/wp-json\/wp\/v2\/pages\/3878\/revisions\/4350"}],"wp:featuredmedia":[{"embeddable":true,"href":"https:\/\/eurobeton.hr\/de\/wp-json\/wp\/v2\/media\/3879"}],"wp:attachment":[{"href":"https:\/\/eurobeton.hr\/de\/wp-json\/wp\/v2\/media?parent=3878"}],"wp:term":[{"taxonomy":"boja","embeddable":true,"href":"https:\/\/eurobeton.hr\/de\/wp-json\/wp\/v2\/boja?post=3878"}],"curies":[{"name":"wp","href":"https:\/\/api.w.org\/{rel}","templated":true}]}}