{"id":3818,"date":"2024-01-30T09:36:54","date_gmt":"2024-01-30T08:36:54","guid":{"rendered":"https:\/\/eurobeton.hr\/abwasserprogramm\/rohre\/"},"modified":"2025-07-04T10:47:47","modified_gmt":"2025-07-04T08:47:47","slug":"rohre","status":"publish","type":"page","link":"https:\/\/eurobeton.hr\/de\/abwasserprogramm\/rohre\/","title":{"rendered":"Betonrohre"},"content":{"rendered":"","protected":false},"excerpt":{"rendered":"","protected":false},"author":1,"featured_media":3821,"parent":3808,"menu_order":0,"comment_status":"closed","ping_status":"closed","template":"","meta":{"slim_seo":{"title":"Betonrohre f\u00fcr verschiedene Anwendungen - Eurobeton","description":"Betonrohre in vielf\u00e4ltiger Ausf\u00fchrung, eine zuverl\u00e4ssige L\u00f6sung f\u00fcr vielf\u00e4ltige Anwendungen im Bau- und Infrastrukturbereich (f\u00fcr Entw\u00e4sserung, Abwasser oder andere Zwecke)."},"footnotes":""},"boja":[],"class_list":["post-3818","page","type-page","status-publish","has-post-thumbnail","hentry"],"meta_box":{"group_guzqy3hnn57":[],"naslov_stranice":"Betonrohre","opis_stranice":"Eurobeton Betonrohre stellen eine langlebige und zuverl\u00e4ssige L\u00f6sung f\u00fcr verschiedene Anwendungen im Bau- und Infrastrukturbereich dar. Hergestellt aus hochwertigem Beton und modernster Technologie erf\u00fcllen unsere Rohre h\u00f6chste Anspr\u00fcche an Qualit\u00e4t und Langlebigkeit. Ob Sie Rohre f\u00fcr Entw\u00e4sserung, Abwasser oder andere Zwecke suchen, Eurobeton bietet ein vielf\u00e4ltiges Sortiment an Rohren, die auf Ihre Bed\u00fcrfnisse zugeschnitten sind.  ","vrsta_proizvoda":[{"program":"Kanal","kanalizacijski":[{"naslov_proizvoda":"UNVERST\u00c4RKTE ROHRE","ime_proizvoda":"UNVERST\u00c4RKTE ROHRE","slika":"1390","namjena":"F\u00fcr den Bau von Haus- und Hofkan\u00e4len, Durchl\u00e4ssen, Abfl\u00fcssen, Brunnen, Kl\u00e4rgruben usw.","tehnicke_karakteristike":"\u2022 St\u00e4rke\n \u2022 Wasseraufnahme","dimenzije":"\u2022 1000 mm\n \u2022 500 mm","tehnicke_pdf":["1437"],"galerija":["1393","1392","1391","1390","1389","1388"]}]},{"program":"Kanal","kanalizacijski":[{"naslov_proizvoda":"EINZELNE VERST\u00c4RKTE ROHRE","ime_proizvoda":"EINZELNE VERST\u00c4RKTE ROHRE","slika":"1396","tehnicke_karakteristike":"\u2022 St\u00e4rke\n \u2022 Wasseraufnahme","dimenzije":"L\u00c4NGE:\n \u2022 1000 mm\n \u2022 500 mm","tehnicke_pdf":["1431"],"galerija":["1399","1398","1397","1396","1395","1394"]}]},{"program":"Kanal","kanalizacijski":[{"naslov_proizvoda":"DOPPELT VERST\u00c4RKTE ROHRE","ime_proizvoda":"DOPPELT VERST\u00c4RKTE ROHRE","slika":"1397","tehnicke_karakteristike":"\u2022 St\u00e4rke\n \u2022 Wasseraufnahme","dimenzije":"L\u00c4NGE:\n \u2022 1000 mm\n \u2022 500 mm","tehnicke_pdf":["1429"],"galerija":["1399","1398","1397","1396","1395","1394"]}]},{"program":"Kanal","kanalizacijski":[{"naslov_proizvoda":"Abflussrohre","ime_proizvoda":"Abflussrohre","slika":"1400","namjena":"F\u00fcr den Bau von Haus- und Hofkan\u00e4len, Durchl\u00e4ssen, Abfl\u00fcssen, Brunnen, Kl\u00e4rgruben usw.","tehnicke_karakteristike":"\u2022 St\u00e4rke\n \u2022 Wasseraufnahme","dimenzije":"L\u00c4NGE:\n \u2022 1000 mm\n \u2022 500 mm\n\n HINWEIS: Auf Anfrage k\u00f6nnen Rohre aller Profile und L\u00e4ngen aus dem Produktionsprogramm auch perforiert (Drainage) gefertigt werden.","tehnicke_pdf":["1432"],"galerija":["1401","1400"]}]},{"program":"Kanal","kanalizacijski":[{"naslov_proizvoda":"ROHRE MIT INTEGRIERTER GUMMIDICHTUNG","ime_proizvoda":"ROHRE MIT DICHTUNG \u00d8300 \u2013 \u00d81800 mm NUT - FEDER\n ROHRE \u00d8300 \u2013 \u00d81800 mm PEN - PEN","slika":"1403","namjena":"Aufnahme und Ableitung von Regenwasser, F\u00e4kalien und weniger aggressivem Wasser","tehnicke_karakteristike":"\u2022 St\u00e4rke\n \u2022 Wasseraufnahme\n \u2022 Wasserdichtigkeit","dimenzije":"L\u00c4NGE: 2500 mm\n\n HINWEIS: Auf Anfrage fertigen wir auch einfach und doppelt verst\u00e4rkte Rohre.","tehnicke_pdf":["1430"],"galerija":["1404","1403","1402"]}]},{"program":"Kanal","kanalizacijski":[{"naslov_proizvoda":"BETONROHRE OHNE DICHTUNG - ABFL\u00dcSSE","ime_proizvoda":"BETONROHRE OHNE DICHTUNG - ABFL\u00dcSSE","slika":"1403","namjena":"F\u00fcr den Bau von Haus- und Hofkan\u00e4len, Durchl\u00e4ssen, Abfl\u00fcssen, Brunnen, Kl\u00e4rgruben usw.","tehnicke_karakteristike":"\u2022 St\u00e4rke\n \u2022 Wasseraufnahme\n \u2022 Wasserdichtigkeit","dimenzije":"GEWICHT:\n \u25aa \u00d8500\/1600 \u2013 678,5 kg\n \u25aa \u00d8500\/2000 \u2013 848 kg\n \u25aa \u00d8500\/2500 \u2013 1.060 kg","galerija":["1404","1403","1402"]}]}]},"_links":{"self":[{"href":"https:\/\/eurobeton.hr\/de\/wp-json\/wp\/v2\/pages\/3818","targetHints":{"allow":["GET"]}}],"collection":[{"href":"https:\/\/eurobeton.hr\/de\/wp-json\/wp\/v2\/pages"}],"about":[{"href":"https:\/\/eurobeton.hr\/de\/wp-json\/wp\/v2\/types\/page"}],"author":[{"embeddable":true,"href":"https:\/\/eurobeton.hr\/de\/wp-json\/wp\/v2\/users\/1"}],"replies":[{"embeddable":true,"href":"https:\/\/eurobeton.hr\/de\/wp-json\/wp\/v2\/comments?post=3818"}],"version-history":[{"count":4,"href":"https:\/\/eurobeton.hr\/de\/wp-json\/wp\/v2\/pages\/3818\/revisions"}],"predecessor-version":[{"id":4328,"href":"https:\/\/eurobeton.hr\/de\/wp-json\/wp\/v2\/pages\/3818\/revisions\/4328"}],"up":[{"embeddable":true,"href":"https:\/\/eurobeton.hr\/de\/wp-json\/wp\/v2\/pages\/3808"}],"wp:featuredmedia":[{"embeddable":true,"href":"https:\/\/eurobeton.hr\/de\/wp-json\/wp\/v2\/media\/3821"}],"wp:attachment":[{"href":"https:\/\/eurobeton.hr\/de\/wp-json\/wp\/v2\/media?parent=3818"}],"wp:term":[{"taxonomy":"boja","embeddable":true,"href":"https:\/\/eurobeton.hr\/de\/wp-json\/wp\/v2\/boja?post=3818"}],"curies":[{"name":"wp","href":"https:\/\/api.w.org\/{rel}","templated":true}]}}