{"id":3812,"date":"2024-01-30T09:37:25","date_gmt":"2024-01-30T08:37:25","guid":{"rendered":"https:\/\/eurobeton.hr\/abwasserprogramm\/betondeckungen\/"},"modified":"2025-06-14T12:24:13","modified_gmt":"2025-06-14T10:24:13","slug":"betondeckungen","status":"publish","type":"page","link":"https:\/\/eurobeton.hr\/de\/abwasserprogramm\/betondeckungen\/","title":{"rendered":"Betondeckungen"},"content":{"rendered":"","protected":false},"excerpt":{"rendered":"","protected":false},"author":1,"featured_media":3813,"parent":3808,"menu_order":0,"comment_status":"closed","ping_status":"closed","template":"","meta":{"slim_seo":{"title":"Betonabdeckungen f\u00fcr Abwassersysteme - Eurobeton","description":"Betonabdeckungen zur Abdeckung von Abwasser- und Versorgungssystemen, hergestellt aus hochwertigem Beton, best\u00e4ndig gegen Belastungen, Witterungseinfl\u00fcsse und Verschlei\u00df."},"footnotes":""},"boja":[],"class_list":["post-3812","page","type-page","status-publish","has-post-thumbnail","hentry"],"meta_box":{"group_guzqy3hnn57":[],"naslov_stranice":"Betondeckungen","opis_stranice":"Betonabdeckungen von Eurobeton bieten eine zuverl\u00e4ssige und langlebige L\u00f6sung f\u00fcr die Abdeckung von Abwasser- und Versorgungssystemen. Unsere aus hochwertigem Beton gefertigten Abdeckungen sind widerstandsf\u00e4hig gegen Belastungen, Witterungseinfl\u00fcsse und Verschlei\u00df und gew\u00e4hrleisten Sicherheit und Funktionalit\u00e4t bei jeder Anwendung. ","vrsta_proizvoda":[{"program":"Kanal","kanalizacijski":[{"naslov_proizvoda":"Betondeckungen","ime_proizvoda":"Betondeckungen","slika":"1513","namjena":"Verschlie\u00dfen von vertikal verlegten Betonrohren gleichen Durchmessers (Kl\u00e4rgruben, Sch\u00e4chte, Brunnen)","tehnicke_karakteristike":"BEMERKUNG:\n \u2022 Profilabdeckungen \u00d8800 bis \u00d82100 mm haben eine \u00d6ffnungsgr\u00f6\u00dfe von 45x45, und auf Anfrage kann ein Rahmen f\u00fcr eine Gusseisenabdeckung aller Abmessungen installiert werden."}]}]},"_links":{"self":[{"href":"https:\/\/eurobeton.hr\/de\/wp-json\/wp\/v2\/pages\/3812","targetHints":{"allow":["GET"]}}],"collection":[{"href":"https:\/\/eurobeton.hr\/de\/wp-json\/wp\/v2\/pages"}],"about":[{"href":"https:\/\/eurobeton.hr\/de\/wp-json\/wp\/v2\/types\/page"}],"author":[{"embeddable":true,"href":"https:\/\/eurobeton.hr\/de\/wp-json\/wp\/v2\/users\/1"}],"replies":[{"embeddable":true,"href":"https:\/\/eurobeton.hr\/de\/wp-json\/wp\/v2\/comments?post=3812"}],"version-history":[{"count":2,"href":"https:\/\/eurobeton.hr\/de\/wp-json\/wp\/v2\/pages\/3812\/revisions"}],"predecessor-version":[{"id":4107,"href":"https:\/\/eurobeton.hr\/de\/wp-json\/wp\/v2\/pages\/3812\/revisions\/4107"}],"up":[{"embeddable":true,"href":"https:\/\/eurobeton.hr\/de\/wp-json\/wp\/v2\/pages\/3808"}],"wp:featuredmedia":[{"embeddable":true,"href":"https:\/\/eurobeton.hr\/de\/wp-json\/wp\/v2\/media\/3813"}],"wp:attachment":[{"href":"https:\/\/eurobeton.hr\/de\/wp-json\/wp\/v2\/media?parent=3812"}],"wp:term":[{"taxonomy":"boja","embeddable":true,"href":"https:\/\/eurobeton.hr\/de\/wp-json\/wp\/v2\/boja?post=3812"}],"curies":[{"name":"wp","href":"https:\/\/api.w.org\/{rel}","templated":true}]}}