{"id":3802,"date":"2024-01-27T08:28:21","date_gmt":"2024-01-27T07:28:21","guid":{"rendered":"https:\/\/eurobeton.hr\/reiseprogramm\/einfahrtsrampen\/"},"modified":"2025-07-04T10:40:53","modified_gmt":"2025-07-04T08:40:53","slug":"einfahrtsrampen","status":"publish","type":"page","link":"https:\/\/eurobeton.hr\/de\/reiseprogramm\/einfahrtsrampen\/","title":{"rendered":"Betonierte Zufahrtsrampen"},"content":{"rendered":"","protected":false},"excerpt":{"rendered":"","protected":false},"author":1,"featured_media":3803,"parent":3775,"menu_order":0,"comment_status":"closed","ping_status":"closed","template":"","meta":{"slim_seo":{"title":"Betonierte Zufahrtsrampen - Eurobeton","description":"Betonierte Zufahrtsrampen sind eine L\u00f6sung f\u00fcr Zufahrtsstra\u00dfen, Parkpl\u00e4tze oder andere Verkehrsfl\u00e4chen, die Langlebigkeit gew\u00e4hrleisten und Sicherheit f\u00fcr Passanten und Fahrzeuge bieten."},"footnotes":""},"boja":[246],"class_list":["post-3802","page","type-page","status-publish","has-post-thumbnail","hentry","boja-graue-farbe"],"meta_box":{"group_guzqy3hnn57":[],"naslov_stranice":"Betonierte Zufahrtsrampen","opis_stranice":"Eine hochwertige L\u00f6sung f\u00fcr Zufahrtsstra\u00dfen, Parkpl\u00e4tze oder andere Verkehrsfl\u00e4chen. Unsere Rampen aus hochwertigem Beton gew\u00e4hrleisten Langlebigkeit und Stabilit\u00e4t und bieten Sicherheit f\u00fcr Fu\u00dfg\u00e4nger und Fahrzeuge.   ","vrsta_proizvoda":[{"program":"Stra\u00dfe","cestovni":[{"naslov_proizvoda":"Betonierte Zufahrtsrampen","ime_proizvoda":"BETONIERTE ZUFAHRTSRAMPEN LINKS\/RECHTS","opis_proizvoda":"Zum leichteren Man\u00f6vrieren von PKWs in Parkpl\u00e4tze und Einfahrten","namjena":"Um den Zugang zu erh\u00f6hten Betonfl\u00e4chen zu erleichtern","tehnicke_karakteristike":"\u2022 Frost- und salzbest\u00e4ndig\n \u2022 Biegefestigkeit\n \u2022 Wasseraufnahme","osobine_proizvoda":"\u2022 ABMESSUNGEN: 70 x 40\/37 x 18\/6 (cm)\n \u2022 GEWICHT: 90 kg","slika":"1179","skica":"1312","skica_2":"1311"}]},{"program":"Stra\u00dfe","cestovni":[{"ime_proizvoda":"BETONIERTE ZUFAHRTSRAMPEN MITTE","opis_proizvoda":"Zum leichteren Man\u00f6vrieren von PKWs in Parkpl\u00e4tze und Einfahrten","namjena":"Um den Zugang zu erh\u00f6hten Betonfl\u00e4chen zu erleichtern","tehnicke_karakteristike":"\u2022 Frost- und salzbest\u00e4ndig\n \u2022 Biegefestigkeit\n \u2022 Wasseraufnahme","osobine_proizvoda":"\u2022 ABMESSUNGEN: 70 x 40 x 18\/6 (cm)\n \u2022 GEWICHT: 77 kg","slika":"1180","skica":"1313"}]}]},"_links":{"self":[{"href":"https:\/\/eurobeton.hr\/de\/wp-json\/wp\/v2\/pages\/3802","targetHints":{"allow":["GET"]}}],"collection":[{"href":"https:\/\/eurobeton.hr\/de\/wp-json\/wp\/v2\/pages"}],"about":[{"href":"https:\/\/eurobeton.hr\/de\/wp-json\/wp\/v2\/types\/page"}],"author":[{"embeddable":true,"href":"https:\/\/eurobeton.hr\/de\/wp-json\/wp\/v2\/users\/1"}],"replies":[{"embeddable":true,"href":"https:\/\/eurobeton.hr\/de\/wp-json\/wp\/v2\/comments?post=3802"}],"version-history":[{"count":4,"href":"https:\/\/eurobeton.hr\/de\/wp-json\/wp\/v2\/pages\/3802\/revisions"}],"predecessor-version":[{"id":4321,"href":"https:\/\/eurobeton.hr\/de\/wp-json\/wp\/v2\/pages\/3802\/revisions\/4321"}],"up":[{"embeddable":true,"href":"https:\/\/eurobeton.hr\/de\/wp-json\/wp\/v2\/pages\/3775"}],"wp:featuredmedia":[{"embeddable":true,"href":"https:\/\/eurobeton.hr\/de\/wp-json\/wp\/v2\/media\/3803"}],"wp:attachment":[{"href":"https:\/\/eurobeton.hr\/de\/wp-json\/wp\/v2\/media?parent=3802"}],"wp:term":[{"taxonomy":"boja","embeddable":true,"href":"https:\/\/eurobeton.hr\/de\/wp-json\/wp\/v2\/boja?post=3802"}],"curies":[{"name":"wp","href":"https:\/\/api.w.org\/{rel}","templated":true}]}}