{"id":3798,"date":"2024-01-27T08:28:55","date_gmt":"2024-01-27T07:28:55","guid":{"rendered":"https:\/\/eurobeton.hr\/reiseprogramm\/parkbordsteine\/"},"modified":"2025-07-15T08:46:39","modified_gmt":"2025-07-15T06:46:39","slug":"parkbordsteine","status":"publish","type":"page","link":"https:\/\/eurobeton.hr\/de\/reiseprogramm\/parkbordsteine\/","title":{"rendered":"Randleisten"},"content":{"rendered":"","protected":false},"excerpt":{"rendered":"","protected":false},"author":1,"featured_media":3799,"parent":3775,"menu_order":0,"comment_status":"closed","ping_status":"closed","template":"","meta":{"slim_seo":{"title":"Randleisten \u200b\u200bf\u00fcr Parks - Eurobeton","description":"Randleisten \u200b\u200baus hochwertigem Beton \u2013 \u00e4sthetisch ansprechend und funktional, mit verschiedenen Abmessungen und Designs, passen perfekt in jede Umgebung."},"footnotes":""},"boja":[246],"class_list":["post-3798","page","type-page","status-publish","has-post-thumbnail","hentry","boja-graue-farbe"],"meta_box":{"group_guzqy3hnn57":[],"naslov_stranice":"Randleisten","opis_stranice":"Die Randleisten \u200b\u200bvon Eurobeton sind \u00e4sthetisch ansprechend und funktional. Sie bestehen aus hochwertigem Beton und gew\u00e4hrleisten Stabilit\u00e4t und Langlebigkeit. Dank ihrer vielf\u00e4ltigen Abmessungen und Designs f\u00fcgen sie sich perfekt in jede Umgebung ein und sorgen f\u00fcr ein attraktives Erscheinungsbild. ","vrsta_proizvoda":[{"program":"Stra\u00dfe","cestovni":[{"naslov_proizvoda":"Bordsteinkante 5 cm","ime_proizvoda":"BORDSTEIN 5x20x100 ABGERUNDET ZUNGEN-HALB","opis_proizvoda":"Den letzten Schliff verleihen den Pflastersteinen Bordsteine \u200b\u200bin klassischem Grau, die sich perfekt in jede Umgebung einf\u00fcgen.","namjena":"Zum Fertigstellen von Erd-, Pflaster- oder Stra\u00dfenoberfl\u00e4chen","tehnicke_karakteristike":"\u2022 Frost- und salzbest\u00e4ndig\n \u2022 Biegefestigkeit\n \u2022 Wasseraufnahme\n \u2022 Verschlei\u00dffestigkeit","osobine_proizvoda":"\u2022 FARBE: grau\n \u2022 GEWICHT: 23,5 kg\n \u2022 VERPACKUNG: 54 St\u00fcck auf einer Palette","slika":"1181","skica":"1245","tehnicke_pdf":["1435"]}]},{"program":"Stra\u00dfe","cestovni":[{"naslov_proizvoda":"Bordsteinkante 6 cm","ime_proizvoda":"BORDSTEIN 6x20x100 ABGERUNDET ZUNGEN-HALB","opis_proizvoda":"Den letzten Schliff verleihen den Pflastersteinen Bordsteine \u200b\u200bin klassischem Grau, die sich perfekt in jede Umgebung einf\u00fcgen.","namjena":"Zum Fertigstellen von Erd-, Pflaster- oder Stra\u00dfenoberfl\u00e4chen","tehnicke_karakteristike":"\u2022 Frost- und salzbest\u00e4ndig\n \u2022 Biegefestigkeit\n \u2022 Wasseraufnahme\n \u2022 Verschlei\u00dffestigkeit","osobine_proizvoda":"\u2022 FARBE: grau\n \u2022 GEWICHT: 29 kg\n \u2022 VERPACKUNG: 52 St\u00fcck auf einer Palette","slika":"1937","tehnicke_pdf":["1435"]}]},{"program":"Stra\u00dfe","cestovni":[{"naslov_proizvoda":"Bordstein 8 cm","ime_proizvoda":"Kandare 8x20x100 Flache Tonrille","opis_proizvoda":"Randsteine \u200b\u200bsind zur Einfassung von Gr\u00fcnfl\u00e4chen, Gehwegen, Feld- und Stra\u00dfenfl\u00e4chen bestimmt.","namjena":"Zum Bearbeiten von Erd-, Gras-, Pflaster- oder Stra\u00dfenoberfl\u00e4chen.","tehnicke_karakteristike":"\u2022 Frost- und salzbest\u00e4ndig\n \u2022 Biegefestigkeit\n \u2022 Wasseraufnahme\n \u2022 Verschlei\u00dffestigkeit","osobine_proizvoda":"\u2022 FARBE: grau\n \u2022 GEWICHT: 35 kg\n \u2022 VERPACKUNG: 36 St\u00fcck auf einer Palette","slika":"1936","skica":"1246","tehnicke_pdf":["1435"]}]},{"program":"Stra\u00dfe","cestovni":[{"naslov_proizvoda":"Bordsteinkante 10 cm","ime_proizvoda":"Kandare 10x20x100 Flache Tonrille","opis_proizvoda":"Randsteine \u200b\u200bsind zur Einfassung von Gr\u00fcnfl\u00e4chen, Gehwegen, Feld- und Stra\u00dfenfl\u00e4chen bestimmt.","namjena":"Zum Bearbeiten von Erd-, Gras-, Pflaster- oder Stra\u00dfenoberfl\u00e4chen.","tehnicke_karakteristike":"\u2022 Frost- und salzbest\u00e4ndig\n \u2022 Biegefestigkeit\n \u2022 Wasseraufnahme\n \u2022 Verschlei\u00dffestigkeit","osobine_proizvoda":"\u2022 FARBE: grau\n \u2022 GEWICHT: 46 kg\n \u2022 VERPACKUNG: 32 St\u00fcck auf einer Palette","slika":"1938","tehnicke_pdf":["1435"]}]}]},"_links":{"self":[{"href":"https:\/\/eurobeton.hr\/de\/wp-json\/wp\/v2\/pages\/3798","targetHints":{"allow":["GET"]}}],"collection":[{"href":"https:\/\/eurobeton.hr\/de\/wp-json\/wp\/v2\/pages"}],"about":[{"href":"https:\/\/eurobeton.hr\/de\/wp-json\/wp\/v2\/types\/page"}],"author":[{"embeddable":true,"href":"https:\/\/eurobeton.hr\/de\/wp-json\/wp\/v2\/users\/1"}],"replies":[{"embeddable":true,"href":"https:\/\/eurobeton.hr\/de\/wp-json\/wp\/v2\/comments?post=3798"}],"version-history":[{"count":4,"href":"https:\/\/eurobeton.hr\/de\/wp-json\/wp\/v2\/pages\/3798\/revisions"}],"predecessor-version":[{"id":4381,"href":"https:\/\/eurobeton.hr\/de\/wp-json\/wp\/v2\/pages\/3798\/revisions\/4381"}],"up":[{"embeddable":true,"href":"https:\/\/eurobeton.hr\/de\/wp-json\/wp\/v2\/pages\/3775"}],"wp:featuredmedia":[{"embeddable":true,"href":"https:\/\/eurobeton.hr\/de\/wp-json\/wp\/v2\/media\/3799"}],"wp:attachment":[{"href":"https:\/\/eurobeton.hr\/de\/wp-json\/wp\/v2\/media?parent=3798"}],"wp:term":[{"taxonomy":"boja","embeddable":true,"href":"https:\/\/eurobeton.hr\/de\/wp-json\/wp\/v2\/boja?post=3798"}],"curies":[{"name":"wp","href":"https:\/\/api.w.org\/{rel}","templated":true}]}}