{"id":3794,"date":"2024-01-27T08:28:32","date_gmt":"2024-01-27T07:28:32","guid":{"rendered":"https:\/\/eurobeton.hr\/reiseprogramm\/bruckenbordsteine\/"},"modified":"2025-07-04T10:35:19","modified_gmt":"2025-07-04T08:35:19","slug":"bruckenbordsteine","status":"publish","type":"page","link":"https:\/\/eurobeton.hr\/de\/reiseprogramm\/bruckenbordsteine\/","title":{"rendered":"Br\u00fcckenbordsteine"},"content":{"rendered":"","protected":false},"excerpt":{"rendered":"","protected":false},"author":1,"featured_media":3795,"parent":3775,"menu_order":0,"comment_status":"closed","ping_status":"closed","template":"","meta":{"slim_seo":{"title":"Br\u00fcckenbordsteine \u200b\u200bzur Br\u00fcckengestaltung - Eurobeton","description":"Br\u00fcckenbordsteine \u200b\u200baus hochwertigem Beton bieten eine zuverl\u00e4ssige L\u00f6sung zur Gestaltung von Br\u00fcckenr\u00e4ndern und Verkehrsfl\u00e4chen \u00fcber Wasserstra\u00dfen oder Stra\u00dfen."},"footnotes":""},"boja":[246],"class_list":["post-3794","page","type-page","status-publish","has-post-thumbnail","hentry","boja-graue-farbe"],"meta_box":{"group_guzqy3hnn57":[],"naslov_stranice":"Br\u00fcckenbordsteine","opis_stranice":"Sie bieten eine zuverl\u00e4ssige und sichere L\u00f6sung f\u00fcr die Gestaltung von Br\u00fcckenr\u00e4ndern und Verkehrsfl\u00e4chen \u00fcber Wasserstra\u00dfen oder Stra\u00dfen. Unsere Br\u00fcckenbordsteine \u200b\u200baus hochwertigem Beton gew\u00e4hrleisten Langlebigkeit und Stabilit\u00e4t und bieten Sicherheit f\u00fcr Fu\u00dfg\u00e4nger und Verkehr. ","vrsta_proizvoda":[{"program":"Stra\u00dfe","cestovni":[{"naslov_proizvoda":"Br\u00fcckenbordstein","ime_proizvoda":"Br\u00fcckenbordstein","namjena":"Zum Nachbearbeiten von Randfl\u00e4chen im Br\u00fcckenbau.","tehnicke_karakteristike":"\u2022 Frost- und salzbest\u00e4ndig\n \u2022 Biegefestigkeit\n \u2022 Wasseraufnahme\n \u2022 Verschlei\u00dffestigkeit","osobine_proizvoda":"\u2022 FARBE: grau\n \u2022 ABMESSUNGEN: 50 x 50 x 25\/11\n \u2022 GEWICHT: 100 kg\n \u2022 VERPACKUNG: 16 St\u00fcck auf einer Palette","slika":"1178","tehnicke_pdf":["1434"]}]}]},"_links":{"self":[{"href":"https:\/\/eurobeton.hr\/de\/wp-json\/wp\/v2\/pages\/3794","targetHints":{"allow":["GET"]}}],"collection":[{"href":"https:\/\/eurobeton.hr\/de\/wp-json\/wp\/v2\/pages"}],"about":[{"href":"https:\/\/eurobeton.hr\/de\/wp-json\/wp\/v2\/types\/page"}],"author":[{"embeddable":true,"href":"https:\/\/eurobeton.hr\/de\/wp-json\/wp\/v2\/users\/1"}],"replies":[{"embeddable":true,"href":"https:\/\/eurobeton.hr\/de\/wp-json\/wp\/v2\/comments?post=3794"}],"version-history":[{"count":3,"href":"https:\/\/eurobeton.hr\/de\/wp-json\/wp\/v2\/pages\/3794\/revisions"}],"predecessor-version":[{"id":4315,"href":"https:\/\/eurobeton.hr\/de\/wp-json\/wp\/v2\/pages\/3794\/revisions\/4315"}],"up":[{"embeddable":true,"href":"https:\/\/eurobeton.hr\/de\/wp-json\/wp\/v2\/pages\/3775"}],"wp:featuredmedia":[{"embeddable":true,"href":"https:\/\/eurobeton.hr\/de\/wp-json\/wp\/v2\/media\/3795"}],"wp:attachment":[{"href":"https:\/\/eurobeton.hr\/de\/wp-json\/wp\/v2\/media?parent=3794"}],"wp:term":[{"taxonomy":"boja","embeddable":true,"href":"https:\/\/eurobeton.hr\/de\/wp-json\/wp\/v2\/boja?post=3794"}],"curies":[{"name":"wp","href":"https:\/\/api.w.org\/{rel}","templated":true}]}}