{"id":3790,"date":"2024-01-27T08:27:47","date_gmt":"2024-01-27T07:27:47","guid":{"rendered":"https:\/\/eurobeton.hr\/reiseprogramm\/kanale\/"},"modified":"2025-07-04T10:39:33","modified_gmt":"2025-07-04T08:39:33","slug":"kanale","status":"publish","type":"page","link":"https:\/\/eurobeton.hr\/de\/reiseprogramm\/kanale\/","title":{"rendered":"Entw\u00e4sserungsrinnen"},"content":{"rendered":"","protected":false},"excerpt":{"rendered":"","protected":false},"author":1,"featured_media":3791,"parent":3775,"menu_order":0,"comment_status":"closed","ping_status":"closed","template":"","meta":{"slim_seo":{"title":"Regenwasserabflussrinnen - Eurobeton","description":"Rinnen zur Ableitung von Regenwasser von unterschiedlichen Oberfl\u00e4chen gew\u00e4hrleisten Langlebigkeit und Zuverl\u00e4ssigkeit und bieten Sicherheit und Funktionalit\u00e4t in jeder Anwendung."},"footnotes":""},"boja":[246],"class_list":["post-3790","page","type-page","status-publish","has-post-thumbnail","hentry","boja-graue-farbe"],"meta_box":{"group_guzqy3hnn57":[],"naslov_stranice":"Entw\u00e4sserungsrinnen","opis_stranice":"Als effektive L\u00f6sung f\u00fcr die Regenwasserableitung von Verkehrsfl\u00e4chen gew\u00e4hrleisten unsere Rinnen Langlebigkeit und Zuverl\u00e4ssigkeit und bieten Sicherheit und Funktionalit\u00e4t bei jeder Anwendung.","vrsta_proizvoda":[{"program":"Stra\u00dfe","cestovni":[{"naslov_proizvoda":"Entw\u00e4sserungsrinne 33x30x10","ime_proizvoda":"33x30x10 SCHALE","namjena":"Zur Ableitung von Regenwasser in die Kanalisation und in den Abwassersammler","tehnicke_karakteristike":"\u2022 Frost- und salzbest\u00e4ndig\n \u2022 Biegefestigkeit\n \u2022 Wasseraufnahme\n \u2022 Verschlei\u00dffestigkeit","osobine_proizvoda":"\u2022 FARBE: grau\n \u2022 GEWICHT: 24 kg\n \u2022 VERPACKUNG: 48 St\u00fcck auf einer Palette","slika":"1934"}]},{"program":"Stra\u00dfe","cestovni":[{"naslov_proizvoda":"Entw\u00e4sserungsrinne 50x40x10","ime_proizvoda":"50x40x10 SCHALE","namjena":"Zur Ableitung von Regenwasser in die Kanalisation und in den Abwassersammler","tehnicke_karakteristike":"\u2022 Frost- und salzbest\u00e4ndig\n \u2022 Biegefestigkeit\n \u2022 Wasseraufnahme\n \u2022 Verschlei\u00dffestigkeit","osobine_proizvoda":"\u2022 FARBE: grau\n \u2022 GEWICHT: 42 kg\n \u2022 VERPACKUNG: 30 St\u00fcck auf einer Palette","slika":"1177"}]}]},"_links":{"self":[{"href":"https:\/\/eurobeton.hr\/de\/wp-json\/wp\/v2\/pages\/3790","targetHints":{"allow":["GET"]}}],"collection":[{"href":"https:\/\/eurobeton.hr\/de\/wp-json\/wp\/v2\/pages"}],"about":[{"href":"https:\/\/eurobeton.hr\/de\/wp-json\/wp\/v2\/types\/page"}],"author":[{"embeddable":true,"href":"https:\/\/eurobeton.hr\/de\/wp-json\/wp\/v2\/users\/1"}],"replies":[{"embeddable":true,"href":"https:\/\/eurobeton.hr\/de\/wp-json\/wp\/v2\/comments?post=3790"}],"version-history":[{"count":4,"href":"https:\/\/eurobeton.hr\/de\/wp-json\/wp\/v2\/pages\/3790\/revisions"}],"predecessor-version":[{"id":4319,"href":"https:\/\/eurobeton.hr\/de\/wp-json\/wp\/v2\/pages\/3790\/revisions\/4319"}],"up":[{"embeddable":true,"href":"https:\/\/eurobeton.hr\/de\/wp-json\/wp\/v2\/pages\/3775"}],"wp:featuredmedia":[{"embeddable":true,"href":"https:\/\/eurobeton.hr\/de\/wp-json\/wp\/v2\/media\/3791"}],"wp:attachment":[{"href":"https:\/\/eurobeton.hr\/de\/wp-json\/wp\/v2\/media?parent=3790"}],"wp:term":[{"taxonomy":"boja","embeddable":true,"href":"https:\/\/eurobeton.hr\/de\/wp-json\/wp\/v2\/boja?post=3790"}],"curies":[{"name":"wp","href":"https:\/\/api.w.org\/{rel}","templated":true}]}}