{"id":3785,"date":"2024-01-27T08:28:00","date_gmt":"2024-01-27T07:28:00","guid":{"rendered":"https:\/\/eurobeton.hr\/reiseprogramm\/kanale\/"},"modified":"2026-02-12T08:37:17","modified_gmt":"2026-02-12T07:37:17","slug":"kanale-2","status":"publish","type":"page","link":"https:\/\/eurobeton.hr\/de\/reiseprogramm\/kanale-2\/","title":{"rendered":"Entw\u00e4sserungsrinnen"},"content":{"rendered":"","protected":false},"excerpt":{"rendered":"","protected":false},"author":1,"featured_media":3787,"parent":3775,"menu_order":0,"comment_status":"closed","ping_status":"closed","template":"","meta":{"slim_seo":{"title":"Regenwasserabflussrinnen - Eurobeton","description":"Rinnen zur Ableitung von Regenwasser von Verkehrsfl\u00e4chen, die Haltbarkeit und Langlebigkeit gew\u00e4hrleisten und in jeder Anwendung Sicherheit und Funktionalit\u00e4t bieten."},"footnotes":""},"boja":[246],"class_list":["post-3785","page","type-page","status-publish","has-post-thumbnail","hentry","boja-graue-farbe"],"meta_box":{"group_guzqy3hnn57":[],"naslov_stranice":"Entw\u00e4sserungsrinnen","opis_stranice":"Eine zuverl\u00e4ssige und effiziente L\u00f6sung f\u00fcr die Ableitung von Regenwasser von Verkehrsfl\u00e4chen. Unsere Dachrinnen gew\u00e4hrleisten Haltbarkeit und Langlebigkeit und bieten Sicherheit und Funktionalit\u00e4t in jeder Anwendung. ","vrsta_proizvoda":[{"program":"cestovni","cestovni":[{"naslov_proizvoda":"Entw\u00e4sserungsrinne 100x50\/37x25","ime_proizvoda":"100x50\/37x25 GUSS UNBEWEHRT","namjena":"Zur Ableitung von Regenwasser in die Kanalisation und in den Abwassersammler","tehnicke_karakteristike":"\u2022 Frostbest\u00e4ndigkeit\r\n \u2022 Biegefestigkeit\r\n \u2022 Wasseraufnahme","osobine_proizvoda":"\u2022 FARBE: grau\r\n \u2022 FORM: trapezf\u00f6rmig\r\n \u2022 GEWICHT VERST\u00c4RKT: 103 kg\r\n \u2022 GEWICHT UNVERST\u00c4RKT: 95 kg","slika":"1173"}]},{"program":"cestovni","cestovni":[{"naslov_proizvoda":"Entw\u00e4sserungsrinne 60x57,9\/70,4x25\/30","ime_proizvoda":"RINNE 60x57,9\/70,4x25\/30 GUSS UNBEWEHRT","opis_proizvoda":"Beim Verlegen werden sie im Abstand von 5 cm verlegt.","namjena":"Zur Ableitung von Regenwasser in die Kanalisation und in den Abwassersammler","tehnicke_karakteristike":"\u2022 Frostbest\u00e4ndigkeit\r\n \u2022 Biegefestigkeit\r\n \u2022 Wasseraufnahme","osobine_proizvoda":"\u2022 FARBE: grau\r\n \u2022 FORM: konisch-trapezf\u00f6rmig\r\n \u2022 GEWICHT DER VERST\u00c4RKTEN: 70 kg\r\n \u2022 GEWICHT UNVERST\u00c4RKT:","slika":"1172"}]},{"program":"cestovni","cestovni":[{"naslov_proizvoda":"Entw\u00e4sserungsrinne mit Sperrzahn\/Haltezahn","ime_proizvoda":"Entw\u00e4sserungsrinne mit Sperrzahn\/Haltezahn","opis_proizvoda":"Beim Verlegen 10 cm \u00fcberlappen.","namjena":"Zur Ableitung von Regenwasser in die Kanalisation und in den Abwassersammler","tehnicke_karakteristike":"\u2022 Frostbest\u00e4ndigkeit\r\n \u2022 Biegefestigkeit\r\n \u2022 Wasseraufnahme","osobine_proizvoda":"\u2022 FARBE: grau\r\n \u2022 FORM: trapezf\u00f6rmig\r\n \u2022 GEWICHT DER VERST\u00c4RKTEN: 107 kg","slika":"2152"}]}]},"_links":{"self":[{"href":"https:\/\/eurobeton.hr\/de\/wp-json\/wp\/v2\/pages\/3785","targetHints":{"allow":["GET"]}}],"collection":[{"href":"https:\/\/eurobeton.hr\/de\/wp-json\/wp\/v2\/pages"}],"about":[{"href":"https:\/\/eurobeton.hr\/de\/wp-json\/wp\/v2\/types\/page"}],"author":[{"embeddable":true,"href":"https:\/\/eurobeton.hr\/de\/wp-json\/wp\/v2\/users\/1"}],"replies":[{"embeddable":true,"href":"https:\/\/eurobeton.hr\/de\/wp-json\/wp\/v2\/comments?post=3785"}],"version-history":[{"count":4,"href":"https:\/\/eurobeton.hr\/de\/wp-json\/wp\/v2\/pages\/3785\/revisions"}],"predecessor-version":[{"id":4318,"href":"https:\/\/eurobeton.hr\/de\/wp-json\/wp\/v2\/pages\/3785\/revisions\/4318"}],"up":[{"embeddable":true,"href":"https:\/\/eurobeton.hr\/de\/wp-json\/wp\/v2\/pages\/3775"}],"wp:featuredmedia":[{"embeddable":true,"href":"https:\/\/eurobeton.hr\/de\/wp-json\/wp\/v2\/media\/3787"}],"wp:attachment":[{"href":"https:\/\/eurobeton.hr\/de\/wp-json\/wp\/v2\/media?parent=3785"}],"wp:term":[{"taxonomy":"boja","embeddable":true,"href":"https:\/\/eurobeton.hr\/de\/wp-json\/wp\/v2\/boja?post=3785"}],"curies":[{"name":"wp","href":"https:\/\/api.w.org\/{rel}","templated":true}]}}