{"id":3781,"date":"2024-01-27T08:28:43","date_gmt":"2024-01-27T07:28:43","guid":{"rendered":"https:\/\/eurobeton.hr\/reiseprogramm\/strasenbordsteine\/"},"modified":"2025-07-15T08:43:32","modified_gmt":"2025-07-15T06:43:32","slug":"strasenbordsteine","status":"publish","type":"page","link":"https:\/\/eurobeton.hr\/de\/reiseprogramm\/strasenbordsteine\/","title":{"rendered":"Stra\u00dfenbordsteine"},"content":{"rendered":"","protected":false},"excerpt":{"rendered":"","protected":false},"author":1,"featured_media":3779,"parent":3775,"menu_order":0,"comment_status":"closed","ping_status":"closed","template":"","meta":{"slim_seo":{"title":"Stra\u00dfenbordsteine \u200b\u200baus Qualit\u00e4tsbeton - Eurobeton","description":"Eurobeton-Stra\u00dfenbordsteine \u200b\u200bsind langlebig und zuverl\u00e4ssig und bestehen aus hochwertigem Beton, der Belastungen und \u00e4u\u00dferen Einfl\u00fcssen standh\u00e4lt."},"footnotes":""},"boja":[246],"class_list":["post-3781","page","type-page","status-publish","has-post-thumbnail","hentry","boja-graue-farbe"],"meta_box":{"group_guzqy3hnn57":[],"naslov_stranice":"Stra\u00dfenbordsteine","opis_stranice":"Eurobeton-Stra\u00dfenbordsteine \u200b\u200bsind langlebig und zuverl\u00e4ssig und bestehen aus hochwertigem Beton, der Belastungen und \u00e4u\u00dferen Einfl\u00fcssen standh\u00e4lt. Wir bieten unterschiedliche Abmessungen und Designs an, die an die Anforderungen jedes Projekts angepasst sind, und behalten dabei die neuesten Trends und technologischen Innovationen im Auge.","vrsta_proizvoda":[{"program":"Stra\u00dfe","cestovni":[{"naslov_proizvoda":"Bordsteine \u200b\u200b15 cm","ime_proizvoda":"Bordstein 15x25x100 3\/12 abgeschr\u00e4gt Nut und Feder","namjena":"Zum Bearbeiten von Erd-, Gras-, Pflaster- oder Stra\u00dfenoberfl\u00e4chen.","tehnicke_karakteristike":"\u2022 Frost- und salzbest\u00e4ndig\n \u2022 Biegefestigkeit\n \u2022 Wasseraufnahme\n \u2022 Verschlei\u00dffestigkeit","osobine_proizvoda":"\u2022 FARBE: grau\n \u2022 GEWICHT: 82 kg\n \u2022 VERPACKUNG: 18 St\u00fcck auf einer Palette","slika":"1168","tehnicke_pdf":["1428"]}]},{"program":"Stra\u00dfe","cestovni":[{"ime_proizvoda":"Bordstein 15x25x33 3\/12 abgeschr\u00e4gt","namjena":"Zum Bearbeiten von Erd-, Gras-, Pflaster- oder Stra\u00dfenoberfl\u00e4chen.","tehnicke_karakteristike":"\u2022 Frost- und salzbest\u00e4ndig\n \u2022 Biegefestigkeit\n \u2022 Wasseraufnahme\n \u2022 Verschlei\u00dffestigkeit","osobine_proizvoda":"\u2022 FARBE: grau\n \u2022 GEWICHT: 27 kg\n \u2022 VERPACKUNG: 54 St\u00fcck auf einer Palette","slika":"1167","tehnicke_pdf":["1428"]}]},{"program":"Stra\u00dfe","cestovni":[{"naslov_proizvoda":"Bordsteine \u200b\u200b18 cm","ime_proizvoda":"BORDSTEIN 18x24x100 3\/12 ABGESCHR\u00c4GTE NUT-FEDER","namjena":"Zum Bearbeiten von Erd-, Gras-, Pflaster- oder Stra\u00dfenoberfl\u00e4chen.","tehnicke_karakteristike":"\u2022 Frost- und salzbest\u00e4ndig\n \u2022 Biegefestigkeit\n \u2022 Wasseraufnahme\n \u2022 Verschlei\u00dffestigkeit","osobine_proizvoda":"\u2022 FARBE: grau\n \u2022 GEWICHT: 100 kg\n \u2022 VERPACKUNG: 15 St\u00fcck auf einer Palette","slika":"1169","tehnicke_pdf":["1428"]}]},{"program":"Stra\u00dfe","cestovni":[{"ime_proizvoda":"Bordstein 18x25x33 3\/12 abgeschr\u00e4gt","namjena":"Zum Bearbeiten von Erd-, Gras-, Pflaster- oder Stra\u00dfenoberfl\u00e4chen.","tehnicke_karakteristike":"\u2022 Frost- und salzbest\u00e4ndig\n \u2022 Biegefestigkeit\n \u2022 Wasseraufnahme\n \u2022 Verschlei\u00dffestigkeit","osobine_proizvoda":"\u2022 FARBE: grau\n \u2022 GEWICHT: 33 kg\n \u2022 VERPACKUNG: 54 St\u00fcck auf einer Palette","slika":"1170","tehnicke_pdf":["1428"]}]}]},"_links":{"self":[{"href":"https:\/\/eurobeton.hr\/de\/wp-json\/wp\/v2\/pages\/3781","targetHints":{"allow":["GET"]}}],"collection":[{"href":"https:\/\/eurobeton.hr\/de\/wp-json\/wp\/v2\/pages"}],"about":[{"href":"https:\/\/eurobeton.hr\/de\/wp-json\/wp\/v2\/types\/page"}],"author":[{"embeddable":true,"href":"https:\/\/eurobeton.hr\/de\/wp-json\/wp\/v2\/users\/1"}],"replies":[{"embeddable":true,"href":"https:\/\/eurobeton.hr\/de\/wp-json\/wp\/v2\/comments?post=3781"}],"version-history":[{"count":4,"href":"https:\/\/eurobeton.hr\/de\/wp-json\/wp\/v2\/pages\/3781\/revisions"}],"predecessor-version":[{"id":4317,"href":"https:\/\/eurobeton.hr\/de\/wp-json\/wp\/v2\/pages\/3781\/revisions\/4317"}],"up":[{"embeddable":true,"href":"https:\/\/eurobeton.hr\/de\/wp-json\/wp\/v2\/pages\/3775"}],"wp:featuredmedia":[{"embeddable":true,"href":"https:\/\/eurobeton.hr\/de\/wp-json\/wp\/v2\/media\/3779"}],"wp:attachment":[{"href":"https:\/\/eurobeton.hr\/de\/wp-json\/wp\/v2\/media?parent=3781"}],"wp:term":[{"taxonomy":"boja","embeddable":true,"href":"https:\/\/eurobeton.hr\/de\/wp-json\/wp\/v2\/boja?post=3781"}],"curies":[{"name":"wp","href":"https:\/\/api.w.org\/{rel}","templated":true}]}}