{"id":3775,"date":"2024-01-27T08:23:51","date_gmt":"2024-01-27T07:23:51","guid":{"rendered":"https:\/\/eurobeton.hr\/reiseprogramm\/"},"modified":"2025-07-15T08:41:08","modified_gmt":"2025-07-15T06:41:08","slug":"reiseprogramm","status":"publish","type":"page","link":"https:\/\/eurobeton.hr\/de\/reiseprogramm\/","title":{"rendered":"Stra\u00dfenprogramm"},"content":{"rendered":"","protected":false},"excerpt":{"rendered":"","protected":false},"author":1,"featured_media":3779,"parent":0,"menu_order":0,"comment_status":"closed","ping_status":"closed","template":"","meta":{"slim_seo":{"title":"Stra\u00dfenprogramm aus Betonprodukten - Eurobeton","description":"Das Stra\u00dfenprogramm des Betonproduktionsprogramms umfasst eine breite Palette von Produkten, die f\u00fcr den Bau und die Instandhaltung der Verkehrsinfrastruktur von zentraler Bedeutung sind."},"footnotes":""},"boja":[],"class_list":["post-3775","page","type-page","status-publish","has-post-thumbnail","hentry"],"meta_box":{"group_guzqy3hnn57":[],"naslov_stranice":"","opis_stranice":"","vrsta_proizvoda":[{"program":"Stra\u00dfe"}]},"_links":{"self":[{"href":"https:\/\/eurobeton.hr\/de\/wp-json\/wp\/v2\/pages\/3775","targetHints":{"allow":["GET"]}}],"collection":[{"href":"https:\/\/eurobeton.hr\/de\/wp-json\/wp\/v2\/pages"}],"about":[{"href":"https:\/\/eurobeton.hr\/de\/wp-json\/wp\/v2\/types\/page"}],"author":[{"embeddable":true,"href":"https:\/\/eurobeton.hr\/de\/wp-json\/wp\/v2\/users\/1"}],"replies":[{"embeddable":true,"href":"https:\/\/eurobeton.hr\/de\/wp-json\/wp\/v2\/comments?post=3775"}],"version-history":[{"count":4,"href":"https:\/\/eurobeton.hr\/de\/wp-json\/wp\/v2\/pages\/3775\/revisions"}],"predecessor-version":[{"id":4380,"href":"https:\/\/eurobeton.hr\/de\/wp-json\/wp\/v2\/pages\/3775\/revisions\/4380"}],"wp:featuredmedia":[{"embeddable":true,"href":"https:\/\/eurobeton.hr\/de\/wp-json\/wp\/v2\/media\/3779"}],"wp:attachment":[{"href":"https:\/\/eurobeton.hr\/de\/wp-json\/wp\/v2\/media?parent=3775"}],"wp:term":[{"taxonomy":"boja","embeddable":true,"href":"https:\/\/eurobeton.hr\/de\/wp-json\/wp\/v2\/boja?post=3775"}],"curies":[{"name":"wp","href":"https:\/\/api.w.org\/{rel}","templated":true}]}}