{"id":3769,"date":"2024-01-16T20:52:07","date_gmt":"2024-01-16T19:52:07","guid":{"rendered":"https:\/\/eurobeton.hr\/haufig-gestellte-fragen\/"},"modified":"2025-06-14T14:08:10","modified_gmt":"2025-06-14T12:08:10","slug":"haufig-gestellte-fragen","status":"publish","type":"page","link":"https:\/\/eurobeton.hr\/de\/haufig-gestellte-fragen\/","title":{"rendered":"H\u00e4ufig gestellte Fragen"},"content":{"rendered":"","protected":false},"excerpt":{"rendered":"","protected":false},"author":1,"featured_media":0,"parent":0,"menu_order":0,"comment_status":"closed","ping_status":"closed","template":"","meta":{"slim_seo":{"title":"H\u00e4ufig gestellte Fragen zu Betonprodukten - Eurobeton","description":"Finden Sie Antworten auf die am h\u00e4ufigsten gestellten Fragen zu den Betonprodukten und -dienstleistungen von Eurobeton."},"footnotes":""},"boja":[],"class_list":["post-3769","page","type-page","status-publish","hentry"],"meta_box":{"group_guzqy3hnn57":[{"pitanje":"Wie kann ich Ihren Kundenservice bei Fragen oder Problemen kontaktieren?","odgovor":"Bei allen Fragen und m\u00f6glichen Problemen k\u00f6nnen Sie uns \u00fcber die offizielle E-Mail-Adresse <a href=\"mailto:eurobeton@eurobeton.hr\" target=\"_blank\" rel=\"noreferrer noopener\">eurobeton@eurobeton.hr<\/a> kontaktieren. Wir werden Ihre Anfrage so schnell wie m\u00f6glich bearbeiten. Aufgrund der gestiegenen Anzahl von Anfragen bitten wir um Ihr Verst\u00e4ndnis und Ihre Geduld.  "},{"pitanje":"Bieten Sie Pflasterverlegedienste an?","odgovor":"Nein, wir f\u00fchren keine Installationsarbeiten durch."},{"pitanje":"Wie l\u00e4uft der Bestellvorgang ab?","odgovor":"Unser Vertrieb erfolgt \u00fcber unsere Gesch\u00e4ftspartner \u2013 auf Baustoffe spezialisierte Handelsh\u00e4user. Wir empfehlen Ihnen, sich mit Ihrer Anfrage an diese zu wenden. Sie k\u00f6nnen eine Liste unserer Gesch\u00e4ftspartner per E-Mail anfordern: <a href=\"mailto:eurobeton@eurobeton.hr\" target=\"_blank\" rel=\"nofollow noopener\">eurobeton@eurobeton.hr<\/a> . Die Liste wird in K\u00fcrze auf unserer Website verf\u00fcgbar sein.   "},{"pitanje":"Liefern Sie Produkte?","odgovor":"Ja, wir liefern mit unseren LKWs gegen Aufpreis innerhalb eines Umkreises von 60 Kilometern, inklusive Entladung auf der Baustelle. F\u00fcr weiter entfernte Ziele organisieren wir den Transport durch unsere Subunternehmer, die Entladung auf der Baustelle obliegt in diesem Fall jedoch dem Kunden. Der endg\u00fcltige Lieferpreis h\u00e4ngt von verschiedenen Faktoren ab und wird nach R\u00fccksprache mit dem Transportunternehmen vereinbart.  "},{"pitanje":"Bieten Sie ma\u00dfgeschneiderte Produkte nach Kundenwunsch an?","odgovor":"Bei Wasserz\u00e4hlersch\u00e4chten bieten wir die M\u00f6glichkeit, die H\u00f6he anzupassen, L\u00f6cher und \u00d6ffnungen zu bohren und den Boden entsprechend den von uns angebotenen Abmessungen nach Kundenwunsch anzufertigen. Leider ist es nicht m\u00f6glich, Wasserz\u00e4hlersch\u00e4chte in Abmessungen zu bestellen, die nicht zu unserem Standardsortiment geh\u00f6ren. Andere Produkte werden nicht nach Sonderw\u00fcnschen gefertigt.  "},{"pitanje":"Wie lange ist die Lieferzeit Ihrer Produkte?","odgovor":"Bestimmte Produkte, die st\u00e4ndig auf Lager sind, werden schnell und sofort geliefert. Bei anderen Produkten h\u00e4ngen die Produktions- und Lieferzeiten von den aktuell eingegangenen Bestellungen ab. F\u00fcr genauere Informationen kontaktieren Sie uns bitte per E-Mail: <a href=\"mailto:eurobeton@eurobeton.hr\">eurobeton@eurobeton.hr<\/a> .  "},{"pitanje":"Wo kann ich Ihr Produktsortiment einsehen?","odgovor":"Unser gesamtes Sortiment finden Sie auf der offiziellen Website www.eurobeton.hr in der Kategorie <a href=\"https:\/\/eurobeton.hr\/prodajni-program\/\" rel=\"nofollow\" data-type=\"page\" data-id=\"174\">Verkaufsprogramm<\/a> . Bei weiteren Fragen kontaktieren Sie uns gerne per E-Mail: <a href=\"mailto:eurobeton@eurobeton.hr\">eurobeton@eurobeton.hr<\/a> . "}],"naslov_stranice":"","opis_stranice":"","vrsta_proizvoda":[{"program":"Stra\u00dfe"}]},"_links":{"self":[{"href":"https:\/\/eurobeton.hr\/de\/wp-json\/wp\/v2\/pages\/3769","targetHints":{"allow":["GET"]}}],"collection":[{"href":"https:\/\/eurobeton.hr\/de\/wp-json\/wp\/v2\/pages"}],"about":[{"href":"https:\/\/eurobeton.hr\/de\/wp-json\/wp\/v2\/types\/page"}],"author":[{"embeddable":true,"href":"https:\/\/eurobeton.hr\/de\/wp-json\/wp\/v2\/users\/1"}],"replies":[{"embeddable":true,"href":"https:\/\/eurobeton.hr\/de\/wp-json\/wp\/v2\/comments?post=3769"}],"version-history":[{"count":1,"href":"https:\/\/eurobeton.hr\/de\/wp-json\/wp\/v2\/pages\/3769\/revisions"}],"predecessor-version":[{"id":4024,"href":"https:\/\/eurobeton.hr\/de\/wp-json\/wp\/v2\/pages\/3769\/revisions\/4024"}],"wp:attachment":[{"href":"https:\/\/eurobeton.hr\/de\/wp-json\/wp\/v2\/media?parent=3769"}],"wp:term":[{"taxonomy":"boja","embeddable":true,"href":"https:\/\/eurobeton.hr\/de\/wp-json\/wp\/v2\/boja?post=3769"}],"curies":[{"name":"wp","href":"https:\/\/api.w.org\/{rel}","templated":true}]}}