{"id":3766,"date":"2024-01-30T09:25:40","date_gmt":"2024-01-30T08:25:40","guid":{"rendered":"https:\/\/eurobeton.hr\/betonpflastersteine\/traditionelle-linie\/"},"modified":"2025-06-14T12:28:28","modified_gmt":"2025-06-14T10:28:28","slug":"traditionelle-linie","status":"publish","type":"page","link":"https:\/\/eurobeton.hr\/de\/betonpflastersteine\/traditionelle-linie\/","title":{"rendered":"Traditionelle Linie"},"content":{"rendered":"","protected":false},"excerpt":{"rendered":"","protected":false},"author":1,"featured_media":3767,"parent":3728,"menu_order":0,"comment_status":"closed","ping_status":"closed","template":"","meta":{"slim_seo":{"title":"Programm f\u00fcr Betonpflastersteine \u200b\u200bim traditionellen Stil - Eurobeton","description":"Pflastersteine, die von traditionellen Designs inspiriert sind, vereinen Haltbarkeit und \u00c4sthetik und sorgen f\u00fcr ein elegantes und funktionales Gesamtbild."},"footnotes":""},"boja":[],"class_list":["post-3766","page","type-page","status-publish","has-post-thumbnail","hentry"],"meta_box":{"group_guzqy3hnn57":[],"naslov_stranice":"Traditionelle Linie","opis_stranice":"Pflastersteine, die von traditionellen Designs inspiriert sind, vereinen Haltbarkeit und \u00c4sthetik und sorgen f\u00fcr ein elegantes und funktionales Gesamtbild.","vrsta_proizvoda":[{"program":"Kurzwaren","galanterija":[{"naslov_proizvoda":"L\u00fcfter","ime_proizvoda":"L\u00fcfter","opis":"Die besondere Form und die einfache Verlegung machen diesen Pflasterstein zu einer hervorragenden Wahl f\u00fcr die Pflasterung von Fl\u00e4chen.","tehnicke_osobine":"- OBERFL\u00c4CHE: glatt, Quarz\n - Verschlei\u00dffestigkeit\n - Frost- und Salzbest\u00e4ndigkeit (Verwendung von ausschlie\u00dflich f\u00fcr Betonprodukte vorgesehenen Eisschmelzmitteln)","boja":"grau, schwarz, rot","visina":"6 cm","dimenzije":"17,1x19,8 cm","slika":"2311","galerija":["2313"]}]},{"program":"Kurzwaren","galanterija":[{"naslov_proizvoda":"Wellig","ime_proizvoda":"Wellig","opis":"Die attraktive Optik dieses Pflastersteins verleiht jedem Garten ein einzigartiges Aussehen.","tehnicke_osobine":"- OBERFL\u00c4CHE: glatt, Quarz\n - Verschlei\u00dffestigkeit\n - Frost- und Salzbest\u00e4ndigkeit (Verwendung von ausschlie\u00dflich f\u00fcr Betonprodukte vorgesehenen Eisschmelzmitteln)","boja":"grau, schwarz, rot","visina":"6 cm","dimenzije":"25,2 x 13,2 cm","slika":"2326","galerija":["2325"]}]},{"program":"Kurzwaren","galanterija":[{"naslov_proizvoda":"Fertiger I","ime_proizvoda":"Fertiger I","opis":"Aufgrund seiner hohen Haltbarkeit und seines breiten Anwendungsspektrums eignet sich dieser Pflasterstein ideal zum Pflastern von Parkpl\u00e4tzen, G\u00e4rten, Parks, Pl\u00e4tzen, \u00f6ffentlichen Bereichen und anderen gr\u00f6\u00dferen Fl\u00e4chen.","tehnicke_osobine":"- OBERFL\u00c4CHE: glatt, Quarz\n - Verschlei\u00dffestigkeit\n - Frost- und Salzbest\u00e4ndigkeit (Verwendung von ausschlie\u00dflich f\u00fcr Betonprodukte vorgesehenen Eisschmelzmitteln)\n - f\u00fcr h\u00f6here Belastungen geeignet","boja":"grau, schwarz und rot","visina":"8 cm","dimenzije":"16,3\/11,3x19,88 cm","slika":"2315","galerija":["2318","2317","2316","3165"]}]},{"program":"Kurzwaren","galanterija":[{"naslov_proizvoda":"\u00d6ko-W\u00fcrfel","ime_proizvoda":"\u00d6ko-W\u00fcrfel","opis":"Die Fuge erm\u00f6glicht die Bepflanzung mit Gras und die Auff\u00fcllung mit Schotter oder Classic Line 10x10 W\u00fcrfeln. Dadurch entsteht eine stabile Oberfl\u00e4che f\u00fcr Parkpl\u00e4tze, Wege und \u00f6ffentliche Bereiche und gleichzeitig die M\u00f6glichkeit, Regenwasser abflie\u00dfen zu lassen. ","tehnicke_osobine":"- OBERFL\u00c4CHE: glatt, Quarz\n - Verschlei\u00dffestigkeit\n - Frost- und Salzbest\u00e4ndigkeit (Verwendung von ausschlie\u00dflich f\u00fcr Betonprodukte vorgesehenen Eisschmelzmitteln)\n - f\u00fcr h\u00f6here Belastungen geeignet","boja":"grau, schwarz und rot","visina":"8 cm","dimenzije":"15\/20x20 cm","slika":"2310"}]},{"program":"Kurzwaren","galanterija":[{"naslov_proizvoda":"Uralt","ime_proizvoda":"Uralt","opis":"Diese Pflastersteinserie ist ideal f\u00fcr alle, die ihrem Haus und Garten einen rustikalen Charme verleihen m\u00f6chten. Dank der Formatvielfalt eignet sie sich ideal f\u00fcr die Pflasterung gr\u00f6\u00dferer Fl\u00e4chen und erm\u00f6glicht die Gestaltung kleinerer, kreisf\u00f6rmiger Formen. Die Pflastersteine \u200b\u200bsind von Naturstein inspiriert, was ihnen ein authentisches Aussehen verleiht.  ","tehnicke_osobine":"- OBERFL\u00c4CHE: glatt, Quarz\n - Verschlei\u00dffestigkeit\n - Frost- und Salzbest\u00e4ndigkeit (Verwendung von Eisschmelzmitteln, die\n ausschlie\u00dflich f\u00fcr Betonprodukte bestimmt)\n - f\u00fcr h\u00f6here Belastungen geeignet","boja":"grau, schwarz, rot","visina":"8 cm","dimenzije":"  17,2 x 11,5; 11,5 x 11,5; 11,5 x 11,5\/7; 8,6 x 11,5\/5,3; 11,3 x 5,7 (cm)","slika":"2308","galerija":["2309","2307","2304"]}]},{"program":"Kurzwaren","galanterija":[{"naslov_proizvoda":"Rhombus","ime_proizvoda":"Rhombus","opis":"Seine unverwechselbare Optik belebt jede Fliesenfl\u00e4che. Die Verlegeart und die Farbkombination erzeugen ein dreidimensionales Aussehen. Das Romb-Programm wird mit H\u00e4lften geliefert, was das Verlegen auf der gew\u00e4hlten Oberfl\u00e4che erheblich erleichtert.  ","tehnicke_osobine":"- OBERFL\u00c4CHE: glatt, Quarz\n - Verschlei\u00dffestigkeit\n - Frost- und Salzbest\u00e4ndigkeit (Verwendung von Eisschmelzmitteln, die\n ausschlie\u00dflich f\u00fcr Betonprodukte bestimmt)\n - f\u00fcr h\u00f6here Belastungen geeignet","boja":"\u2022 klassische Kombination: Grau, Dunkelgrau, Schwarz \u2022 intensive Kombination: Wei\u00df, Grau, Schwarz","visina":"8 cm","dimenzije":"18,6x20 cm","slika":"2319","galerija":["2324","2323","2322","2321","3164"]}]}]},"_links":{"self":[{"href":"https:\/\/eurobeton.hr\/de\/wp-json\/wp\/v2\/pages\/3766","targetHints":{"allow":["GET"]}}],"collection":[{"href":"https:\/\/eurobeton.hr\/de\/wp-json\/wp\/v2\/pages"}],"about":[{"href":"https:\/\/eurobeton.hr\/de\/wp-json\/wp\/v2\/types\/page"}],"author":[{"embeddable":true,"href":"https:\/\/eurobeton.hr\/de\/wp-json\/wp\/v2\/users\/1"}],"replies":[{"embeddable":true,"href":"https:\/\/eurobeton.hr\/de\/wp-json\/wp\/v2\/comments?post=3766"}],"version-history":[{"count":2,"href":"https:\/\/eurobeton.hr\/de\/wp-json\/wp\/v2\/pages\/3766\/revisions"}],"predecessor-version":[{"id":4120,"href":"https:\/\/eurobeton.hr\/de\/wp-json\/wp\/v2\/pages\/3766\/revisions\/4120"}],"up":[{"embeddable":true,"href":"https:\/\/eurobeton.hr\/de\/wp-json\/wp\/v2\/pages\/3728"}],"wp:featuredmedia":[{"embeddable":true,"href":"https:\/\/eurobeton.hr\/de\/wp-json\/wp\/v2\/media\/3767"}],"wp:attachment":[{"href":"https:\/\/eurobeton.hr\/de\/wp-json\/wp\/v2\/media?parent=3766"}],"wp:term":[{"taxonomy":"boja","embeddable":true,"href":"https:\/\/eurobeton.hr\/de\/wp-json\/wp\/v2\/boja?post=3766"}],"curies":[{"name":"wp","href":"https:\/\/api.w.org\/{rel}","templated":true}]}}