{"id":3760,"date":"2024-01-30T09:24:39","date_gmt":"2024-01-30T08:24:39","guid":{"rendered":"https:\/\/eurobeton.hr\/betonpflastersteine\/kombinierte-form\/"},"modified":"2025-06-13T21:34:13","modified_gmt":"2025-06-13T19:34:13","slug":"kombinierte-form","status":"publish","type":"page","link":"https:\/\/eurobeton.hr\/de\/betonpflastersteine\/kombinierte-form\/","title":{"rendered":"Kombinierte Form"},"content":{"rendered":"","protected":false},"excerpt":{"rendered":"","protected":false},"author":1,"featured_media":3763,"parent":3728,"menu_order":0,"comment_status":"closed","ping_status":"closed","template":"","meta":{"slim_seo":{"title":"Kombinierte Form von Betonpflastersteinen - Eurobeton","description":"Die kombinierte Form der Betonpflastersteine \u200b\u200bist vielseitig einsetzbar und hat ein ansprechendes Aussehen. Sie k\u00f6nnen mit anderen Pflastersteinen in verschiedenen Gr\u00f6\u00dfen und Farben kombiniert werden."},"footnotes":""},"boja":[],"class_list":["post-3760","page","type-page","status-publish","has-post-thumbnail","hentry"],"meta_box":{"group_guzqy3hnn57":[],"naslov_stranice":"","opis_stranice":"","vrsta_proizvoda":[{"program":"Pflastersteine"}]},"_links":{"self":[{"href":"https:\/\/eurobeton.hr\/de\/wp-json\/wp\/v2\/pages\/3760","targetHints":{"allow":["GET"]}}],"collection":[{"href":"https:\/\/eurobeton.hr\/de\/wp-json\/wp\/v2\/pages"}],"about":[{"href":"https:\/\/eurobeton.hr\/de\/wp-json\/wp\/v2\/types\/page"}],"author":[{"embeddable":true,"href":"https:\/\/eurobeton.hr\/de\/wp-json\/wp\/v2\/users\/1"}],"replies":[{"embeddable":true,"href":"https:\/\/eurobeton.hr\/de\/wp-json\/wp\/v2\/comments?post=3760"}],"version-history":[{"count":1,"href":"https:\/\/eurobeton.hr\/de\/wp-json\/wp\/v2\/pages\/3760\/revisions"}],"predecessor-version":[{"id":4020,"href":"https:\/\/eurobeton.hr\/de\/wp-json\/wp\/v2\/pages\/3760\/revisions\/4020"}],"up":[{"embeddable":true,"href":"https:\/\/eurobeton.hr\/de\/wp-json\/wp\/v2\/pages\/3728"}],"wp:featuredmedia":[{"embeddable":true,"href":"https:\/\/eurobeton.hr\/de\/wp-json\/wp\/v2\/media\/3763"}],"wp:attachment":[{"href":"https:\/\/eurobeton.hr\/de\/wp-json\/wp\/v2\/media?parent=3760"}],"wp:term":[{"taxonomy":"boja","embeddable":true,"href":"https:\/\/eurobeton.hr\/de\/wp-json\/wp\/v2\/boja?post=3760"}],"curies":[{"name":"wp","href":"https:\/\/api.w.org\/{rel}","templated":true}]}}