{"id":3741,"date":"2024-01-30T09:23:59","date_gmt":"2024-01-30T08:23:59","guid":{"rendered":"https:\/\/eurobeton.hr\/betonpflastersteine\/klassische-linie\/"},"modified":"2025-06-13T21:30:14","modified_gmt":"2025-06-13T19:30:14","slug":"klassische-linie","status":"publish","type":"page","link":"https:\/\/eurobeton.hr\/de\/betonpflastersteine\/klassische-linie\/","title":{"rendered":"Klassische Linie"},"content":{"rendered":"","protected":false},"excerpt":{"rendered":"","protected":false},"author":1,"featured_media":3743,"parent":3728,"menu_order":0,"comment_status":"closed","ping_status":"closed","template":"","meta":{"slim_seo":{"title":"Betonpflastersteine \u200b\u200bder Classic-Linie - Eurobeton","description":"Klassische Pflastersteine \u200b\u200bbieten eine dezente Oberfl\u00e4chenoptik und werden am h\u00e4ufigsten f\u00fcr \u00f6ffentliche Bereiche, Gehwege, Parkpl\u00e4tze, vor Einkaufszentren und Einfamilienh\u00e4usern verwendet."},"footnotes":""},"boja":[],"class_list":["post-3741","page","type-page","status-publish","has-post-thumbnail","hentry"],"meta_box":{"group_guzqy3hnn57":[],"naslov_stranice":"","opis_stranice":"","vrsta_proizvoda":[{"program":"Pflastersteine"}]},"_links":{"self":[{"href":"https:\/\/eurobeton.hr\/de\/wp-json\/wp\/v2\/pages\/3741","targetHints":{"allow":["GET"]}}],"collection":[{"href":"https:\/\/eurobeton.hr\/de\/wp-json\/wp\/v2\/pages"}],"about":[{"href":"https:\/\/eurobeton.hr\/de\/wp-json\/wp\/v2\/types\/page"}],"author":[{"embeddable":true,"href":"https:\/\/eurobeton.hr\/de\/wp-json\/wp\/v2\/users\/1"}],"replies":[{"embeddable":true,"href":"https:\/\/eurobeton.hr\/de\/wp-json\/wp\/v2\/comments?post=3741"}],"version-history":[{"count":1,"href":"https:\/\/eurobeton.hr\/de\/wp-json\/wp\/v2\/pages\/3741\/revisions"}],"predecessor-version":[{"id":4015,"href":"https:\/\/eurobeton.hr\/de\/wp-json\/wp\/v2\/pages\/3741\/revisions\/4015"}],"up":[{"embeddable":true,"href":"https:\/\/eurobeton.hr\/de\/wp-json\/wp\/v2\/pages\/3728"}],"wp:featuredmedia":[{"embeddable":true,"href":"https:\/\/eurobeton.hr\/de\/wp-json\/wp\/v2\/media\/3743"}],"wp:attachment":[{"href":"https:\/\/eurobeton.hr\/de\/wp-json\/wp\/v2\/media?parent=3741"}],"wp:term":[{"taxonomy":"boja","embeddable":true,"href":"https:\/\/eurobeton.hr\/de\/wp-json\/wp\/v2\/boja?post=3741"}],"curies":[{"name":"wp","href":"https:\/\/api.w.org\/{rel}","templated":true}]}}