{"id":3736,"date":"2024-01-30T09:25:12","date_gmt":"2024-01-30T08:25:12","guid":{"rendered":"https:\/\/eurobeton.hr\/betonpflastersteine\/betonplatten\/"},"modified":"2025-06-13T21:23:00","modified_gmt":"2025-06-13T19:23:00","slug":"betonplatten","status":"publish","type":"page","link":"https:\/\/eurobeton.hr\/de\/betonpflastersteine\/betonplatten\/","title":{"rendered":"Betonplatten"},"content":{"rendered":"","protected":false},"excerpt":{"rendered":"","protected":false},"author":1,"featured_media":3660,"parent":3728,"menu_order":0,"comment_status":"closed","ping_status":"closed","template":"","meta":{"slim_seo":{"title":"Betonplatten - Eurobeton","description":"Betonplatten von Eurobeton sind langlebig, hochwertig und \u00e4sthetisch anpassungsf\u00e4hig und eignen sich ideal f\u00fcr eine Vielzahl von Bauprojekten, darunter Wohn- und \u00f6ffentliche R\u00e4ume."},"footnotes":""},"boja":[],"class_list":["post-3736","page","type-page","status-publish","has-post-thumbnail","hentry"],"meta_box":{"group_guzqy3hnn57":[],"naslov_stranice":"","opis_stranice":"","vrsta_proizvoda":[{"program":"Stra\u00dfe"}]},"_links":{"self":[{"href":"https:\/\/eurobeton.hr\/de\/wp-json\/wp\/v2\/pages\/3736","targetHints":{"allow":["GET"]}}],"collection":[{"href":"https:\/\/eurobeton.hr\/de\/wp-json\/wp\/v2\/pages"}],"about":[{"href":"https:\/\/eurobeton.hr\/de\/wp-json\/wp\/v2\/types\/page"}],"author":[{"embeddable":true,"href":"https:\/\/eurobeton.hr\/de\/wp-json\/wp\/v2\/users\/1"}],"replies":[{"embeddable":true,"href":"https:\/\/eurobeton.hr\/de\/wp-json\/wp\/v2\/comments?post=3736"}],"version-history":[{"count":1,"href":"https:\/\/eurobeton.hr\/de\/wp-json\/wp\/v2\/pages\/3736\/revisions"}],"predecessor-version":[{"id":4014,"href":"https:\/\/eurobeton.hr\/de\/wp-json\/wp\/v2\/pages\/3736\/revisions\/4014"}],"up":[{"embeddable":true,"href":"https:\/\/eurobeton.hr\/de\/wp-json\/wp\/v2\/pages\/3728"}],"wp:featuredmedia":[{"embeddable":true,"href":"https:\/\/eurobeton.hr\/de\/wp-json\/wp\/v2\/media\/3660"}],"wp:attachment":[{"href":"https:\/\/eurobeton.hr\/de\/wp-json\/wp\/v2\/media?parent=3736"}],"wp:term":[{"taxonomy":"boja","embeddable":true,"href":"https:\/\/eurobeton.hr\/de\/wp-json\/wp\/v2\/boja?post=3736"}],"curies":[{"name":"wp","href":"https:\/\/api.w.org\/{rel}","templated":true}]}}