{"id":3722,"date":"2024-03-04T18:14:09","date_gmt":"2024-03-04T17:14:09","guid":{"rendered":"https:\/\/eurobeton.hr\/betonzubehor\/grasplatte\/"},"modified":"2025-07-15T08:38:50","modified_gmt":"2025-07-15T06:38:50","slug":"grasplatte","status":"publish","type":"page","link":"https:\/\/eurobeton.hr\/de\/betonzubehor\/grasplatte\/","title":{"rendered":"Rasengitterplatten"},"content":{"rendered":"","protected":false},"excerpt":{"rendered":"","protected":false},"author":1,"featured_media":3723,"parent":3708,"menu_order":0,"comment_status":"closed","ping_status":"closed","template":"","meta":{"slim_seo":{"title":"Rasengitterplatten f\u00fcr Gr\u00fcnfl\u00e4chen - Eurobeton","description":"Das Grasbrett eignet sich zur Gestaltung von befahrbaren Gr\u00fcnfl\u00e4chen. Die Gitter erm\u00f6glichen die Bepflanzung mit Gras und vermitteln einen besonderen Bezug zur Natur."},"footnotes":""},"boja":[],"class_list":["post-3722","page","type-page","status-publish","has-post-thumbnail","hentry"],"meta_box":{"group_guzqy3hnn57":[],"naslov_stranice":"Rasengitterplatten","opis_stranice":"Eurobeton-Rasengitterplatten sind eine praktische und \u00f6kologische L\u00f6sung f\u00fcr die Pflasterung von Fl\u00e4chen und bewahren gleichzeitig das nat\u00fcrliche Erscheinungsbild der Umgebung. Sie bestehen aus hochwertigem Beton und lassen Gras durch ihre \u00d6ffnungen wachsen. So verbinden sie gr\u00fcne \u00c4sthetik mit Funktionalit\u00e4t. Sie eignen sich ideal f\u00fcr Parkpl\u00e4tze, Einfahrten und \u00f6ffentliche Gr\u00fcnfl\u00e4chen, bieten Festigkeit und Stabilit\u00e4t und reduzieren gleichzeitig Bodenerosionsprobleme. Eurobeton-Rasenplatten sind die perfekte Verbindung aus Natur und urbanem Design.   ","vrsta_proizvoda":[{"program":"Kurzwaren","galanterija":[{"naslov_proizvoda":"Rasengitterplatten","ime_proizvoda":"Rasengitterplatten","opis":"Beton-Rasengitterplatten eignen sich zur Gestaltung von Gr\u00fcnfl\u00e4chen in Parks und auf Parkpl\u00e4tzen, auf denen Fahrzeuge fahren k\u00f6nnen. Die Gitter erm\u00f6glichen die Bepflanzung mit Gras und sorgen f\u00fcr eine besondere Verbindung zur Natur. Dank ihrer au\u00dfergew\u00f6hnlichen Festigkeit eignen sie sich auch zur Sicherung gegen Erdrutsche auf geneigten Fl\u00e4chen.  ","namjena":"F\u00fcr Parkpl\u00e4tze, Bushaltestellen, Parks.","tehnicke_osobine":"\u2022 Verschlei\u00dffestigkeit\n \u2022 Frost- und Salzbest\u00e4ndigkeit (Verwendung von ausschlie\u00dflich f\u00fcr Betonprodukte vorgesehenen Eisschmelzmitteln)\n \u2022 geeignet f\u00fcr PKW\n \u2022 einfache Installation","boja":"grau","visina":"8 cm","dimenzije":"60x40 cm","slika":"1639"}]}]},"_links":{"self":[{"href":"https:\/\/eurobeton.hr\/de\/wp-json\/wp\/v2\/pages\/3722","targetHints":{"allow":["GET"]}}],"collection":[{"href":"https:\/\/eurobeton.hr\/de\/wp-json\/wp\/v2\/pages"}],"about":[{"href":"https:\/\/eurobeton.hr\/de\/wp-json\/wp\/v2\/types\/page"}],"author":[{"embeddable":true,"href":"https:\/\/eurobeton.hr\/de\/wp-json\/wp\/v2\/users\/1"}],"replies":[{"embeddable":true,"href":"https:\/\/eurobeton.hr\/de\/wp-json\/wp\/v2\/comments?post=3722"}],"version-history":[{"count":4,"href":"https:\/\/eurobeton.hr\/de\/wp-json\/wp\/v2\/pages\/3722\/revisions"}],"predecessor-version":[{"id":4325,"href":"https:\/\/eurobeton.hr\/de\/wp-json\/wp\/v2\/pages\/3722\/revisions\/4325"}],"up":[{"embeddable":true,"href":"https:\/\/eurobeton.hr\/de\/wp-json\/wp\/v2\/pages\/3708"}],"wp:featuredmedia":[{"embeddable":true,"href":"https:\/\/eurobeton.hr\/de\/wp-json\/wp\/v2\/media\/3723"}],"wp:attachment":[{"href":"https:\/\/eurobeton.hr\/de\/wp-json\/wp\/v2\/media?parent=3722"}],"wp:term":[{"taxonomy":"boja","embeddable":true,"href":"https:\/\/eurobeton.hr\/de\/wp-json\/wp\/v2\/boja?post=3722"}],"curies":[{"name":"wp","href":"https:\/\/api.w.org\/{rel}","templated":true}]}}