{"id":3715,"date":"2024-01-30T09:33:08","date_gmt":"2024-01-30T08:33:08","guid":{"rendered":"https:\/\/eurobeton.hr\/betonzubehor\/kustenbefestigung\/"},"modified":"2025-07-15T08:36:00","modified_gmt":"2025-07-15T06:36:00","slug":"kustenbefestigung","status":"publish","type":"page","link":"https:\/\/eurobeton.hr\/de\/betonzubehor\/kustenbefestigung\/","title":{"rendered":"Uferbefestigung"},"content":{"rendered":"","protected":false},"excerpt":{"rendered":"","protected":false},"author":1,"featured_media":3710,"parent":3708,"menu_order":0,"comment_status":"closed","ping_status":"closed","template":"","meta":{"slim_seo":{"title":"Uferbefestigung f\u00fcr den Bau an der K\u00fcste - Eurobeton","description":"Uferbefestigungen sind Bauwerke, die an den Ufern von Flussbetten errichtet werden, um das Ufer vor Erosion zu sch\u00fctzen, den Wasserfluss zu beruhigen und eine geometrisch regelm\u00e4\u00dfige K\u00fcstenform zu erreichen."},"footnotes":""},"boja":[],"class_list":["post-3715","page","type-page","status-publish","has-post-thumbnail","hentry"],"meta_box":{"group_guzqy3hnn57":[],"naslov_stranice":"Uferbefestigung","opis_stranice":"Der Damm von Eurobeton ist eine zuverl\u00e4ssige L\u00f6sung zum Schutz von Fluss-, Meeres- und Kanalufern vor Erosion und Str\u00f6mungen. Der aus hochwertigem Beton gefertigte Damm gew\u00e4hrleistet Stabilit\u00e4t und Langlebigkeit auch unter anspruchsvollsten Bedingungen. Seine modulare Konstruktion erm\u00f6glicht eine einfache Installation und Anpassung an spezifische Gel\u00e4ndeanforderungen.  ","vrsta_proizvoda":[{"program":"Kurzwaren","galanterija":[{"naslov_proizvoda":"Uferbefestigung","ime_proizvoda":"Uferbefestigung","opis":"Uferbefestigungen werden an Flussufern errichtet, um das Ufer vor Erosion zu sch\u00fctzen, den Wasserfluss zu beruhigen und eine geometrisch regelm\u00e4\u00dfige Uferform zu erreichen. Sie dienen zur Begrenzung des Kanalhangs, eignen sich aber aufgrund ihrer au\u00dfergew\u00f6hnlich hohen Festigkeit und H\u00f6he von 8 cm bzw. 20 cm auch f\u00fcr die Befestigung von stark befahrenem Gel\u00e4nde.","namjena":"F\u00fcr B\u00f6schungen, geneigte Fl\u00e4chen, Fl\u00e4chen mit starkem Verkehr.","tehnicke_osobine":"\u2022 Frost- und Salzbest\u00e4ndigkeit (Verwendung von ausschlie\u00dflich f\u00fcr Betonprodukte vorgesehenen Eisschmelzmitteln)\n \u2022 f\u00fcr hohe Belastungen geeignet\n \u2022 einfache Installation","boja":"grau","visina":"20 cm","dimenzije":"40x25","slika":"1516"}]}]},"_links":{"self":[{"href":"https:\/\/eurobeton.hr\/de\/wp-json\/wp\/v2\/pages\/3715","targetHints":{"allow":["GET"]}}],"collection":[{"href":"https:\/\/eurobeton.hr\/de\/wp-json\/wp\/v2\/pages"}],"about":[{"href":"https:\/\/eurobeton.hr\/de\/wp-json\/wp\/v2\/types\/page"}],"author":[{"embeddable":true,"href":"https:\/\/eurobeton.hr\/de\/wp-json\/wp\/v2\/users\/1"}],"replies":[{"embeddable":true,"href":"https:\/\/eurobeton.hr\/de\/wp-json\/wp\/v2\/comments?post=3715"}],"version-history":[{"count":3,"href":"https:\/\/eurobeton.hr\/de\/wp-json\/wp\/v2\/pages\/3715\/revisions"}],"predecessor-version":[{"id":4378,"href":"https:\/\/eurobeton.hr\/de\/wp-json\/wp\/v2\/pages\/3715\/revisions\/4378"}],"up":[{"embeddable":true,"href":"https:\/\/eurobeton.hr\/de\/wp-json\/wp\/v2\/pages\/3708"}],"wp:featuredmedia":[{"embeddable":true,"href":"https:\/\/eurobeton.hr\/de\/wp-json\/wp\/v2\/media\/3710"}],"wp:attachment":[{"href":"https:\/\/eurobeton.hr\/de\/wp-json\/wp\/v2\/media?parent=3715"}],"wp:term":[{"taxonomy":"boja","embeddable":true,"href":"https:\/\/eurobeton.hr\/de\/wp-json\/wp\/v2\/boja?post=3715"}],"curies":[{"name":"wp","href":"https:\/\/api.w.org\/{rel}","templated":true}]}}