{"id":3713,"date":"2024-01-30T09:33:41","date_gmt":"2024-01-30T08:33:41","guid":{"rendered":"https:\/\/eurobeton.hr\/betonzubehor\/betonblock\/"},"modified":"2025-07-04T10:47:15","modified_gmt":"2025-07-04T08:47:15","slug":"betonblock","status":"publish","type":"page","link":"https:\/\/eurobeton.hr\/de\/betonzubehor\/betonblock\/","title":{"rendered":"Betonstein"},"content":{"rendered":"","protected":false},"excerpt":{"rendered":"","protected":false},"author":1,"featured_media":3714,"parent":3708,"menu_order":0,"comment_status":"closed","ping_status":"closed","template":"","meta":{"slim_seo":{"title":"Hochwertiger Betonstein - Eurobeton","description":"Betonmauersteine \u200b\u200baus hochwertigem Schotter erf\u00fcllen alle Anforderungen der europ\u00e4ischen Normen."},"footnotes":""},"boja":[],"class_list":["post-3713","page","type-page","status-publish","has-post-thumbnail","hentry"],"meta_box":{"group_guzqy3hnn57":[],"naslov_stranice":"Betonstein","opis_stranice":"Der Betonstein der Firma Eurobeton ist ideal f\u00fcr den Bau von tragenden und nicht tragenden W\u00e4nden, Fundamenten, Trennw\u00e4nden und anderen Bauelementen. Hergestellt aus hochwertigen Materialien, gew\u00e4hrleistet er au\u00dfergew\u00f6hnliche Festigkeit, Witterungsbest\u00e4ndigkeit und Langlebigkeit. Dank seiner pr\u00e4zisen Verarbeitung erm\u00f6glicht er eine schnelle und einfache Montage sowie eine ausgezeichnete Haftung mit M\u00f6rtel.  ","vrsta_proizvoda":[{"program":"Kurzwaren","galanterija":[{"naslov_proizvoda":"Betonstein","ime_proizvoda":"Betonstein","opis":"Ein ausgezeichneter Betonstein zum Mauern, hergestellt aus hochwertigem gebrochenem Stein aus dem firmeneigenen Kieswerk von Eurobeton d.d. sowie aus Zement, der alle Anforderungen nach europ\u00e4ischen Normen erf\u00fcllt.\nEr wird maschinell durch Pressung und starke Vibrationen gefertigt, wodurch eine hohe Festigkeit erreicht wird, die ihn an die Spitze der Betonbl\u00f6cke stellt.","namjena":"Zum Mauern","tehnicke_osobine":"\u2022 Au\u00dfergew\u00f6hnliche Festigkeit\n\u2022 Langlebigkeit\n\u2022 Einfache Montage","boja":"grau","visina":"20 cm","dimenzije":"40x20","slika":"1515"}]}]},"_links":{"self":[{"href":"https:\/\/eurobeton.hr\/de\/wp-json\/wp\/v2\/pages\/3713","targetHints":{"allow":["GET"]}}],"collection":[{"href":"https:\/\/eurobeton.hr\/de\/wp-json\/wp\/v2\/pages"}],"about":[{"href":"https:\/\/eurobeton.hr\/de\/wp-json\/wp\/v2\/types\/page"}],"author":[{"embeddable":true,"href":"https:\/\/eurobeton.hr\/de\/wp-json\/wp\/v2\/users\/1"}],"replies":[{"embeddable":true,"href":"https:\/\/eurobeton.hr\/de\/wp-json\/wp\/v2\/comments?post=3713"}],"version-history":[{"count":4,"href":"https:\/\/eurobeton.hr\/de\/wp-json\/wp\/v2\/pages\/3713\/revisions"}],"predecessor-version":[{"id":4327,"href":"https:\/\/eurobeton.hr\/de\/wp-json\/wp\/v2\/pages\/3713\/revisions\/4327"}],"up":[{"embeddable":true,"href":"https:\/\/eurobeton.hr\/de\/wp-json\/wp\/v2\/pages\/3708"}],"wp:featuredmedia":[{"embeddable":true,"href":"https:\/\/eurobeton.hr\/de\/wp-json\/wp\/v2\/media\/3714"}],"wp:attachment":[{"href":"https:\/\/eurobeton.hr\/de\/wp-json\/wp\/v2\/media?parent=3713"}],"wp:term":[{"taxonomy":"boja","embeddable":true,"href":"https:\/\/eurobeton.hr\/de\/wp-json\/wp\/v2\/boja?post=3713"}],"curies":[{"name":"wp","href":"https:\/\/api.w.org\/{rel}","templated":true}]}}