{"id":3708,"date":"2024-01-30T09:32:55","date_gmt":"2024-01-30T08:32:55","guid":{"rendered":"https:\/\/eurobeton.hr\/betonzubehor\/"},"modified":"2025-06-12T10:14:15","modified_gmt":"2025-06-12T08:14:15","slug":"betonzubehor","status":"publish","type":"page","link":"https:\/\/eurobeton.hr\/de\/betonzubehor\/","title":{"rendered":"Betonzubeh\u00f6r"},"content":{"rendered":"","protected":false},"excerpt":{"rendered":"","protected":false},"author":1,"featured_media":3710,"parent":0,"menu_order":0,"comment_status":"closed","ping_status":"closed","template":"","meta":{"slim_seo":{"title":"Betonzubeh\u00f6r f\u00fcr Au\u00dfenfl\u00e4chen - Eurobeton","description":"Das Betonzubeh\u00f6r des Produktionsprogramms der Firma Eurobeton umfasst eine breite Palette an Produkten, die f\u00fcr die Gestaltung und Pflege von Au\u00dfenfl\u00e4chen von entscheidender Bedeutung sind."},"footnotes":""},"boja":[],"class_list":["post-3708","page","type-page","status-publish","has-post-thumbnail","hentry"],"meta_box":{"group_guzqy3hnn57":[],"naslov_stranice":"","opis_stranice":"","vrsta_proizvoda":[{"program":"Stra\u00dfe"}]},"_links":{"self":[{"href":"https:\/\/eurobeton.hr\/de\/wp-json\/wp\/v2\/pages\/3708","targetHints":{"allow":["GET"]}}],"collection":[{"href":"https:\/\/eurobeton.hr\/de\/wp-json\/wp\/v2\/pages"}],"about":[{"href":"https:\/\/eurobeton.hr\/de\/wp-json\/wp\/v2\/types\/page"}],"author":[{"embeddable":true,"href":"https:\/\/eurobeton.hr\/de\/wp-json\/wp\/v2\/users\/1"}],"replies":[{"embeddable":true,"href":"https:\/\/eurobeton.hr\/de\/wp-json\/wp\/v2\/comments?post=3708"}],"version-history":[{"count":1,"href":"https:\/\/eurobeton.hr\/de\/wp-json\/wp\/v2\/pages\/3708\/revisions"}],"predecessor-version":[{"id":3975,"href":"https:\/\/eurobeton.hr\/de\/wp-json\/wp\/v2\/pages\/3708\/revisions\/3975"}],"wp:featuredmedia":[{"embeddable":true,"href":"https:\/\/eurobeton.hr\/de\/wp-json\/wp\/v2\/media\/3710"}],"wp:attachment":[{"href":"https:\/\/eurobeton.hr\/de\/wp-json\/wp\/v2\/media?parent=3708"}],"wp:term":[{"taxonomy":"boja","embeddable":true,"href":"https:\/\/eurobeton.hr\/de\/wp-json\/wp\/v2\/boja?post=3708"}],"curies":[{"name":"wp","href":"https:\/\/api.w.org\/{rel}","templated":true}]}}