{"id":3678,"date":"2024-03-11T16:20:15","date_gmt":"2024-03-11T15:20:15","guid":{"rendered":"https:\/\/eurobeton.hr\/taktile-panele\/"},"modified":"2025-07-04T10:46:51","modified_gmt":"2025-07-04T08:46:51","slug":"taktile-panele","status":"publish","type":"page","link":"https:\/\/eurobeton.hr\/de\/betonzubehor\/taktile-panele\/","title":{"rendered":"Taktile Leitsysteme"},"content":{"rendered":"","protected":false},"excerpt":{"rendered":"","protected":false},"author":1,"featured_media":3679,"parent":3708,"menu_order":0,"comment_status":"closed","ping_status":"closed","template":"","meta":{"slim_seo":{"title":"Taktile Leitsysteme als Hilfe f\u00fcr Blinde - Eurobeton","description":"Taktile Leitsysteme sind Leitsysteme, die speziell f\u00fcr blinde und sehbehinderte Menschen entwickelt wurden. Die Oberfl\u00e4che ist entweder quadratisch oder linear und dient zur Pflasterung von Wegen und \u00f6ffentlichen Bereichen."},"footnotes":""},"boja":[],"class_list":["post-3678","page","type-page","status-publish","has-post-thumbnail","hentry"],"meta_box":{"group_guzqy3hnn57":[],"naslov_stranice":"Taktile Leitsysteme","opis_stranice":"Die Taktile Leitsysteme der Firma Eurobeton sind f\u00fcr die Orientierung und Sicherheit von sehbehinderten Personen in st\u00e4dtischen Bereichen konzipiert. Hergestellt aus hochwertigem Beton zeichnen sie sich durch Festigkeit, Abriebfestigkeit und Witterungsbest\u00e4ndigkeit aus. Ihre besondere Textur und Muster erm\u00f6glichen eine einfache Erkennung durch Ber\u00fchrung oder den wei\u00dfen Stock und tragen so zu sicherer Mobilit\u00e4t bei. Sie sind ideal f\u00fcr den Einsatz auf \u00f6ffentlichen Fl\u00e4chen wie Gehwegen, Bahnsteigen und Pl\u00e4tzen und erf\u00fcllen h\u00f6chste Standards in Bezug auf Barrierefreiheit und Langlebigkeit.   ","vrsta_proizvoda":[{"program":"Kurzwaren","galanterija":[{"naslov_proizvoda":"Taktile Leitsysteme","ime_proizvoda":"Taktile Leitsysteme","opis":"Spezialplatten zur Unterst\u00fctzung blinder und sehbehinderter Personen.\nOberfl\u00e4che: Noppen- und Linienstruktur","namjena":"Zum Pflastern von H\u00f6fen, Garageneinfahrten, Gartenwegen, Fu\u00df- und Radwegen, \u00f6ffentlichen Fl\u00e4chen, Parkpl\u00e4tzen, Pl\u00e4tzen und vor Einkaufszentren.","tehnicke_osobine":"\u2022 Abriebfestigkeit\n\u2022 Frost- und Salzbest\u00e4ndigkeit (Verwendung von Enteisungsmitteln, die ausschlie\u00dflich f\u00fcr Betonprodukte geeignet sind)\n\u2022 Geeignet f\u00fcr PKW\n\u2022 Einfache Verlegung","boja":"Grau, Farbe (Rot\/Terrakotta)","visina":"8 cm","dimenzije":"40x40 cm","slika":"2300","galerija":["2300","2299"]}]}]},"_links":{"self":[{"href":"https:\/\/eurobeton.hr\/de\/wp-json\/wp\/v2\/pages\/3678","targetHints":{"allow":["GET"]}}],"collection":[{"href":"https:\/\/eurobeton.hr\/de\/wp-json\/wp\/v2\/pages"}],"about":[{"href":"https:\/\/eurobeton.hr\/de\/wp-json\/wp\/v2\/types\/page"}],"author":[{"embeddable":true,"href":"https:\/\/eurobeton.hr\/de\/wp-json\/wp\/v2\/users\/1"}],"replies":[{"embeddable":true,"href":"https:\/\/eurobeton.hr\/de\/wp-json\/wp\/v2\/comments?post=3678"}],"version-history":[{"count":4,"href":"https:\/\/eurobeton.hr\/de\/wp-json\/wp\/v2\/pages\/3678\/revisions"}],"predecessor-version":[{"id":4326,"href":"https:\/\/eurobeton.hr\/de\/wp-json\/wp\/v2\/pages\/3678\/revisions\/4326"}],"up":[{"embeddable":true,"href":"https:\/\/eurobeton.hr\/de\/wp-json\/wp\/v2\/pages\/3708"}],"wp:featuredmedia":[{"embeddable":true,"href":"https:\/\/eurobeton.hr\/de\/wp-json\/wp\/v2\/media\/3679"}],"wp:attachment":[{"href":"https:\/\/eurobeton.hr\/de\/wp-json\/wp\/v2\/media?parent=3678"}],"wp:term":[{"taxonomy":"boja","embeddable":true,"href":"https:\/\/eurobeton.hr\/de\/wp-json\/wp\/v2\/boja?post=3678"}],"curies":[{"name":"wp","href":"https:\/\/api.w.org\/{rel}","templated":true}]}}