{"id":3631,"date":"2024-03-14T09:42:19","date_gmt":"2024-03-14T08:42:19","guid":{"rendered":"https:\/\/eurobeton.hr\/reduzierplatten\/"},"modified":"2025-06-14T12:23:00","modified_gmt":"2025-06-14T10:23:00","slug":"reduzierplatten","status":"publish","type":"page","link":"https:\/\/eurobeton.hr\/de\/abwasserprogramm\/abwassersystem\/reduzierplatten\/","title":{"rendered":"Reduzierplatten"},"content":{"rendered":"","protected":false},"excerpt":{"rendered":"","protected":false},"author":1,"featured_media":3632,"parent":3831,"menu_order":0,"comment_status":"closed","ping_status":"closed","template":"","meta":{"slim_seo":{"title":"Reduzierplatten f\u00fcr Abwassersysteme - Eurobeton","description":"Um den Durchmesser gr\u00f6\u00dferer Abmessungen zu verringern und den Anschluss weiterer Systemelemente mit kleinerem Durchmesser zu erm\u00f6glichen, werden Reduzierplatten am Schachtboden angebracht."},"footnotes":""},"boja":[],"class_list":["post-3631","page","type-page","status-publish","has-post-thumbnail","hentry"],"meta_box":{"group_guzqy3hnn57":[],"naslov_stranice":"","opis_stranice":"","vrsta_proizvoda":[{"program":"Stra\u00dfe"}]},"_links":{"self":[{"href":"https:\/\/eurobeton.hr\/de\/wp-json\/wp\/v2\/pages\/3631","targetHints":{"allow":["GET"]}}],"collection":[{"href":"https:\/\/eurobeton.hr\/de\/wp-json\/wp\/v2\/pages"}],"about":[{"href":"https:\/\/eurobeton.hr\/de\/wp-json\/wp\/v2\/types\/page"}],"author":[{"embeddable":true,"href":"https:\/\/eurobeton.hr\/de\/wp-json\/wp\/v2\/users\/1"}],"replies":[{"embeddable":true,"href":"https:\/\/eurobeton.hr\/de\/wp-json\/wp\/v2\/comments?post=3631"}],"version-history":[{"count":2,"href":"https:\/\/eurobeton.hr\/de\/wp-json\/wp\/v2\/pages\/3631\/revisions"}],"predecessor-version":[{"id":4105,"href":"https:\/\/eurobeton.hr\/de\/wp-json\/wp\/v2\/pages\/3631\/revisions\/4105"}],"up":[{"embeddable":true,"href":"https:\/\/eurobeton.hr\/de\/wp-json\/wp\/v2\/pages\/3831"}],"wp:featuredmedia":[{"embeddable":true,"href":"https:\/\/eurobeton.hr\/de\/wp-json\/wp\/v2\/media\/3632"}],"wp:attachment":[{"href":"https:\/\/eurobeton.hr\/de\/wp-json\/wp\/v2\/media?parent=3631"}],"wp:term":[{"taxonomy":"boja","embeddable":true,"href":"https:\/\/eurobeton.hr\/de\/wp-json\/wp\/v2\/boja?post=3631"}],"curies":[{"name":"wp","href":"https:\/\/api.w.org\/{rel}","templated":true}]}}